{"id":23343,"date":"2024-07-18T11:20:53","date_gmt":"2024-07-18T09:20:53","guid":{"rendered":"https:\/\/grhomes.es\/?page_id=23343"},"modified":"2024-07-18T11:35:40","modified_gmt":"2024-07-18T09:35:40","slug":"politica-de-cookies","status":"publish","type":"page","link":"https:\/\/grhomes.es\/de\/politica-de-cookies\/","title":{"rendered":"Cookie-Richtlinie"},"content":{"rendered":"<div data-elementor-type=\"wp-page\" data-elementor-id=\"23343\" class=\"elementor elementor-23343\">\n\t\t\t\t\t\t<section class=\"elementor-section elementor-top-section elementor-element elementor-element-2b1184b0 elementor-section-boxed elementor-section-height-default elementor-section-height-default sc_fly_static\" data-id=\"2b1184b0\" data-element_type=\"section\" data-settings=\"{&quot;background_background&quot;:&quot;classic&quot;}\">\n\t\t\t\t\t\t<div class=\"elementor-container elementor-column-gap-extended\">\n\t\t\t\t\t<div class=\"elementor-column elementor-col-100 elementor-top-column elementor-element elementor-element-153e1c19 sc_content_align_inherit sc_layouts_column_icons_position_left sc_fly_static\" data-id=\"153e1c19\" data-element_type=\"column\">\n\t\t\t<div class=\"elementor-widget-wrap elementor-element-populated\">\n\t\t\t\t\t\t<div class=\"elementor-element elementor-element-54db29de sc_fly_static elementor-widget elementor-widget-text-editor\" data-id=\"54db29de\" data-element_type=\"widget\" data-widget_type=\"text-editor.default\">\n\t\t\t\t<div class=\"elementor-widget-container\">\n\t\t\t\t\t\t\t\t\t<h3>Cookie-Richtlinie von grhomes.es<\/h3><p>In <a href=\"https:\/\/grhomes.es\/de\/\">grhomes.es<\/a> Wir verwenden Cookies, um Ihnen einen besseren Service und ein angenehmeres Surferlebnis zu bieten. Wir m\u00f6chten Sie klar und pr\u00e4zise \u00fcber die von uns verwendeten Cookies informieren. Im Folgenden erl\u00e4utern wir, was ein Cookie ist, wozu es dient, welche Arten von Cookies wir verwenden, welchen Zweck sie haben und wie Sie sie bei Bedarf konfigurieren oder deaktivieren k\u00f6nnen.<\/p><h5>Was ist ein Cookie und wozu wird es verwendet?<\/h5><p>Ein \u201eCookie\u201c ist eine kleine Datei, die auf dem Computer, Tablet, Smartphone oder einem anderen Ger\u00e4t eines Nutzers gespeichert wird und Informationen \u00fcber dessen Surfgewohnheiten enth\u00e4lt. Das Sammeln von Cookies von allen unseren Nutzern hilft uns, die Qualit\u00e4t unserer Website zu verbessern, indem es uns erm\u00f6glicht, zu \u00fcberwachen, welche Seiten n\u00fctzlich sind, welche nicht und welche verbesserungsw\u00fcrdig sind. Cookies sind f\u00fcr das Funktionieren des Internets unerl\u00e4sslich, bieten unz\u00e4hlige Vorteile bei der Bereitstellung interaktiver Dienste und erleichtern die Navigation und Benutzerfreundlichkeit unserer Website. Cookies k\u00f6nnen Ihren Computer unter keinen Umst\u00e4nden besch\u00e4digen. Im Gegenteil, ihre Aktivierung hilft uns, Fehler zu identifizieren und zu beheben.<\/p><h5>Welche Arten von Cookies verwenden wir?<\/h5><h6><strong>Laut der Stelle, die es verwaltet:<\/strong><\/h6><p>\u2022 <strong>Eigene Cookies<\/strong>: Dies sind diejenigen, die von unseren eigenen Computern oder Dom\u00e4nen an Ihren Computer gesendet werden und von denen aus wir den von Ihnen angeforderten Dienst bereitstellen.<\/p><p>\u2022 <strong>Cookies von Drittanbietern<\/strong>Cookies: Dies sind Cookies, die von einem Computer oder einer Dom\u00e4ne an Ihren Computer gesendet werden, die nicht von uns, sondern von einem anderen Partner verwaltet wird. Dazu geh\u00f6ren beispielsweise Cookies, die von sozialen Netzwerken oder externen Inhalten wie Google Maps verwendet werden.<\/p><h6><strong>Abh\u00e4ngig von der Dauer ihrer Aktivierung:<\/strong><\/h6><p>\u2022 <strong>Sitzungscookies<\/strong>Hierbei handelt es sich um tempor\u00e4re Cookies, die in der Cookie-Datei Ihres Browsers verbleiben, bis Sie die Website verlassen. Daher werden keine dieser Cookies auf der Festplatte Ihres Computers gespeichert. Die durch diese Cookies gewonnenen Informationen werden zur Analyse des Website-Verkehrs verwendet. Dies erm\u00f6glicht es uns letztendlich, ein besseres Erlebnis zu bieten, Inhalte zu verbessern und die Nutzung zu vereinfachen.<\/p><p>\u2022<strong> Dauerhafte Cookies<\/strong>: Diese Cookies werden auf Ihrer Festplatte gespeichert und bei jedem Besuch unserer Website gelesen. Eine persistente Website hat ein bestimmtes Ablaufdatum. Nach diesem Datum funktioniert das Cookie nicht mehr. Wir verwenden diese Cookies im Allgemeinen, um Kauf- und Registrierungsdienste zu erleichtern.<\/p><h6><strong>Je nach Zweck:<\/strong><\/h6><p>\u2022 <strong>Technische Cookies<\/strong>Diese Cookies sind f\u00fcr die Navigation und das ordnungsgem\u00e4\u00dfe Funktionieren der Website erforderlich. Sie erm\u00f6glichen beispielsweise die \u00dcberwachung des Datenverkehrs und der Datenkommunikation, den Zugriff auf eingeschr\u00e4nkte Bereiche, die Ausf\u00fchrung von Bestellungen, die Verwendung von Sicherheitsfunktionen, die Speicherung von Inhalten zur \u00dcbertragung von Videos oder die gemeinsame Nutzung von Inhalten \u00fcber soziale Netzwerke.<\/p><p>\u2022 <strong>Personalisierungs-Cookies<\/strong>: Dies sind Cookies, die Ihnen den Zugriff auf den Dienst mit vordefinierten Merkmalen erm\u00f6glichen, die auf einer Reihe von Kriterien basieren, wie z. B. Sprache, Art des Browsers, den Sie f\u00fcr den Zugriff auf den Dienst verwenden, die regionalen Einstellungen, von denen aus Sie auf den Dienst zugreifen usw.<\/p><p>\u2022 <strong>Cookies analytisch<\/strong>Diese Cookies erm\u00f6glichen es uns, die Anzahl der Benutzer zu quantifizieren und somit Statistiken zur Nutzung der angebotenen Dienste durch die Benutzer zu messen und zu analysieren. Daher analysieren wir Ihr Surferlebnis auf unserer Website, um die von uns angebotenen Produkte und Dienstleistungen zu verbessern.<\/p><p>\u2022 <strong>Werbe-Cookies<\/strong>: Diese Cookies erm\u00f6glichen eine m\u00f6glichst effiziente Verwaltung der auf unserer Website enthaltenen Werbefl\u00e4chen. \u2013 Verhaltensbasierte Werbe-Cookies: Diese Cookies speichern Informationen \u00fcber das Nutzerverhalten, die durch kontinuierliche Beobachtung gewonnen werden. Dank ihnen k\u00f6nnen wir mehr \u00fcber die Surfgewohnheiten im Internet erfahren und Werbung anzeigen, die zu Ihrem Browserprofil passt.<\/p><h5>Wie k\u00f6nnen Sie Cookies konfigurieren oder deaktivieren?<\/h5><p>Sie k\u00f6nnen die Installation von Cookies auf Ihrem Computer \u00fcber die entsprechenden Browsereinstellungen zulassen, blockieren oder l\u00f6schen. Wenn Sie die Installation von Cookies in Ihrem Browser nicht zulassen, k\u00f6nnen Sie m\u00f6glicherweise nicht auf einige unserer Dienste zugreifen und Ihre Erfahrung auf unserer Website kann weniger zufriedenstellend sein.<\/p><p>Unter den folgenden Links finden Sie alle Informationen, die Sie zum Konfigurieren oder Deaktivieren von Cookies in den einzelnen Browsern ben\u00f6tigen:<\/p><ul><li><a href=\"http:\/\/support.google.com\/chrome\/answer\/95647?hl=es\">Google Chrome<\/a><\/li><li><a href=\"http:\/\/support.mozilla.org\/es\/kb\/habilitar-y-deshabilitar-cookies-que-los-sitios-we\">Mozilla Firefox<\/a><\/li><li><a href=\"http:\/\/windows.microsoft.com\/es-es\/windows-vista\/block-or-allow-cookies\">Internet Explorer<\/a><\/li><li><a href=\"http:\/\/support.apple.com\/kb\/ph5042?viewlocale=es_es\">Safari<\/a><\/li><li><a href=\"http:\/\/support.apple.com\/kb\/ht1677?viewlocale=es_es\">Safari f\u00fcr iOS<\/a> (iPhone und iPad)<\/li><li><a href=\"http:\/\/support.google.com\/chrome\/answer\/2392971?hl=es\">Chrome f\u00fcr Android<\/a><\/li><\/ul><h5>Zustimmung<\/h5><p>In <a href=\"https:\/\/grhomes.es\/de\/\">grhomes.es<\/a> Wir speichern niemals personenbezogene Daten unserer Benutzer, mit Ausnahme der oben beschriebenen IP-Adresse, mit Ausnahme der bei der Registrierung angegebenen Daten und f\u00fcr die im Impressum und in der Datenschutzrichtlinie genannten Zwecke.<\/p><p>Indem Sie auf unserer Website surfen und fortfahren, erkl\u00e4ren Sie sich mit der Verwendung der oben genannten Cookies und den in dieser Cookie-Richtlinie enthaltenen Bedingungen einverstanden.<\/p>\t\t\t\t\t\t\t\t<\/div>\n\t\t\t\t<\/div>\n\t\t\t\t\t<\/div>\n\t\t<\/div>\n\t\t\t\t\t<\/div>\n\t\t<\/section>\n\t\t\t\t<\/div>","protected":false},"excerpt":{"rendered":"<p>Pol\u00edtica de cookies de grhomes.es En grhomes.es utilizamos cookies con el objetivo de prestar un mejor servicio y proporcionarle una mejor experiencia en su navegaci\u00f3n. Queremos informarle de manera clara&hellip;<\/p>","protected":false},"author":1,"featured_media":0,"parent":0,"menu_order":0,"comment_status":"closed","ping_status":"closed","template":"","meta":{"inline_featured_image":false,"footnotes":""},"class_list":["post-23343","page","type-page","status-publish","hentry"],"yoast_head":"<!-- This site is optimized with the Yoast SEO plugin v26.8 - https:\/\/yoast.com\/product\/yoast-seo-wordpress\/ -->\n<title>Pol\u00edtica de Cookies - GRHomes<\/title>\n<meta name=\"robots\" content=\"index, follow, max-snippet:-1, max-image-preview:large, max-video-preview:-1\" \/>\n<link rel=\"canonical\" href=\"https:\/\/grhomes.es\/de\/politica-de-cookies\/\" \/>\n<meta property=\"og:locale\" content=\"de_DE\" \/>\n<meta property=\"og:type\" content=\"article\" \/>\n<meta property=\"og:title\" content=\"Pol\u00edtica de Cookies - GRHomes\" \/>\n<meta property=\"og:description\" content=\"Pol\u00edtica de cookies de grhomes.es En grhomes.es utilizamos cookies con el objetivo de prestar un mejor servicio y proporcionarle una mejor experiencia en su navegaci\u00f3n. Queremos informarle de manera clara&hellip;\" \/>\n<meta property=\"og:url\" content=\"https:\/\/grhomes.es\/de\/politica-de-cookies\/\" \/>\n<meta property=\"og:site_name\" content=\"GRHomes\" \/>\n<meta property=\"article:modified_time\" content=\"2024-07-18T09:35:40+00:00\" \/>\n<meta name=\"twitter:card\" content=\"summary_large_image\" \/>\n<meta name=\"twitter:label1\" content=\"Gesch\u00e4tzte Lesezeit\" \/>\n\t<meta name=\"twitter:data1\" content=\"5\u00a0Minuten\" \/>\n<script type=\"application\/ld+json\" class=\"yoast-schema-graph\">{\"@context\":\"https:\/\/schema.org\",\"@graph\":[{\"@type\":\"WebPage\",\"@id\":\"https:\/\/grhomes.es\/politica-de-cookies\/\",\"url\":\"https:\/\/grhomes.es\/politica-de-cookies\/\",\"name\":\"Pol\u00edtica de Cookies - GRHomes\",\"isPartOf\":{\"@id\":\"https:\/\/grhomes.es\/#website\"},\"datePublished\":\"2024-07-18T09:20:53+00:00\",\"dateModified\":\"2024-07-18T09:35:40+00:00\",\"breadcrumb\":{\"@id\":\"https:\/\/grhomes.es\/politica-de-cookies\/#breadcrumb\"},\"inLanguage\":\"de\",\"potentialAction\":[{\"@type\":\"ReadAction\",\"target\":[\"https:\/\/grhomes.es\/politica-de-cookies\/\"]}]},{\"@type\":\"BreadcrumbList\",\"@id\":\"https:\/\/grhomes.es\/politica-de-cookies\/#breadcrumb\",\"itemListElement\":[{\"@type\":\"ListItem\",\"position\":1,\"name\":\"Inici\",\"item\":\"https:\/\/grhomes.es\/\"},{\"@type\":\"ListItem\",\"position\":2,\"name\":\"Pol\u00edtica de Cookies\"}]},{\"@type\":\"WebSite\",\"@id\":\"https:\/\/grhomes.es\/#website\",\"url\":\"https:\/\/grhomes.es\/\",\"name\":\"GRHomes\",\"description\":\"Viviendas para vivir en la Costa Daurada\",\"publisher\":{\"@id\":\"https:\/\/grhomes.es\/#organization\"},\"potentialAction\":[{\"@type\":\"SearchAction\",\"target\":{\"@type\":\"EntryPoint\",\"urlTemplate\":\"https:\/\/grhomes.es\/?s={search_term_string}\"},\"query-input\":{\"@type\":\"PropertyValueSpecification\",\"valueRequired\":true,\"valueName\":\"search_term_string\"}}],\"inLanguage\":\"de\"},{\"@type\":\"Organization\",\"@id\":\"https:\/\/grhomes.es\/#organization\",\"name\":\"GR HOMES\",\"alternateName\":\"Viviendas para vivir en la Costa Daurada\",\"url\":\"https:\/\/grhomes.es\/\",\"logo\":{\"@type\":\"ImageObject\",\"inLanguage\":\"de\",\"@id\":\"https:\/\/grhomes.es\/#\/schema\/logo\/image\/\",\"url\":\"https:\/\/grhomes.es\/wp-content\/uploads\/2026\/04\/logo_grhomes_vertical_1.svg\",\"contentUrl\":\"https:\/\/grhomes.es\/wp-content\/uploads\/2026\/04\/logo_grhomes_vertical_1.svg\",\"caption\":\"GR HOMES\"},\"image\":{\"@id\":\"https:\/\/grhomes.es\/#\/schema\/logo\/image\/\"}}]}<\/script>\n<!-- \/ Yoast SEO plugin. -->","yoast_head_json":{"title":"Pol\u00edtica de Cookies - GRHomes","robots":{"index":"index","follow":"follow","max-snippet":"max-snippet:-1","max-image-preview":"max-image-preview:large","max-video-preview":"max-video-preview:-1"},"canonical":"https:\/\/grhomes.es\/de\/politica-de-cookies\/","og_locale":"de_DE","og_type":"article","og_title":"Pol\u00edtica de Cookies - GRHomes","og_description":"Pol\u00edtica de cookies de grhomes.es En grhomes.es utilizamos cookies con el objetivo de prestar un mejor servicio y proporcionarle una mejor experiencia en su navegaci\u00f3n. Queremos informarle de manera clara&hellip;","og_url":"https:\/\/grhomes.es\/de\/politica-de-cookies\/","og_site_name":"GRHomes","article_modified_time":"2024-07-18T09:35:40+00:00","twitter_card":"summary_large_image","twitter_misc":{"Gesch\u00e4tzte Lesezeit":"5\u00a0Minuten"},"schema":{"@context":"https:\/\/schema.org","@graph":[{"@type":"WebPage","@id":"https:\/\/grhomes.es\/politica-de-cookies\/","url":"https:\/\/grhomes.es\/politica-de-cookies\/","name":"Pol\u00edtica de Cookies - GRHomes","isPartOf":{"@id":"https:\/\/grhomes.es\/#website"},"datePublished":"2024-07-18T09:20:53+00:00","dateModified":"2024-07-18T09:35:40+00:00","breadcrumb":{"@id":"https:\/\/grhomes.es\/politica-de-cookies\/#breadcrumb"},"inLanguage":"de","potentialAction":[{"@type":"ReadAction","target":["https:\/\/grhomes.es\/politica-de-cookies\/"]}]},{"@type":"BreadcrumbList","@id":"https:\/\/grhomes.es\/politica-de-cookies\/#breadcrumb","itemListElement":[{"@type":"ListItem","position":1,"name":"Inici","item":"https:\/\/grhomes.es\/"},{"@type":"ListItem","position":2,"name":"Pol\u00edtica de Cookies"}]},{"@type":"WebSite","@id":"https:\/\/grhomes.es\/#website","url":"https:\/\/grhomes.es\/","name":"GRHomes","description":"Wohnh\u00e4user an der Costa Daurada","publisher":{"@id":"https:\/\/grhomes.es\/#organization"},"potentialAction":[{"@type":"SearchAction","target":{"@type":"EntryPoint","urlTemplate":"https:\/\/grhomes.es\/?s={search_term_string}"},"query-input":{"@type":"PropertyValueSpecification","valueRequired":true,"valueName":"search_term_string"}}],"inLanguage":"de"},{"@type":"Organization","@id":"https:\/\/grhomes.es\/#organization","name":"GR HOMES","alternateName":"Viviendas para vivir en la Costa Daurada","url":"https:\/\/grhomes.es\/","logo":{"@type":"ImageObject","inLanguage":"de","@id":"https:\/\/grhomes.es\/#\/schema\/logo\/image\/","url":"https:\/\/grhomes.es\/wp-content\/uploads\/2026\/04\/logo_grhomes_vertical_1.svg","contentUrl":"https:\/\/grhomes.es\/wp-content\/uploads\/2026\/04\/logo_grhomes_vertical_1.svg","caption":"GR HOMES"},"image":{"@id":"https:\/\/grhomes.es\/#\/schema\/logo\/image\/"}}]}},"_links":{"self":[{"href":"https:\/\/grhomes.es\/de\/wp-json\/wp\/v2\/pages\/23343","targetHints":{"allow":["GET"]}}],"collection":[{"href":"https:\/\/grhomes.es\/de\/wp-json\/wp\/v2\/pages"}],"about":[{"href":"https:\/\/grhomes.es\/de\/wp-json\/wp\/v2\/types\/page"}],"author":[{"embeddable":true,"href":"https:\/\/grhomes.es\/de\/wp-json\/wp\/v2\/users\/1"}],"replies":[{"embeddable":true,"href":"https:\/\/grhomes.es\/de\/wp-json\/wp\/v2\/comments?post=23343"}],"version-history":[{"count":0,"href":"https:\/\/grhomes.es\/de\/wp-json\/wp\/v2\/pages\/23343\/revisions"}],"wp:attachment":[{"href":"https:\/\/grhomes.es\/de\/wp-json\/wp\/v2\/media?parent=23343"}],"curies":[{"name":"wp","href":"https:\/\/api.w.org\/{rel}","templated":true}]}}