{"id":12954,"date":"2020-08-27T08:23:10","date_gmt":"2020-08-27T08:23:10","guid":{"rendered":"https:\/\/windsor.ancorathemes.com\/?page_id=12954"},"modified":"2024-07-18T11:06:43","modified_gmt":"2024-07-18T09:06:43","slug":"aviso-legal-y-politica-de-privacidad","status":"publish","type":"page","link":"https:\/\/grhomes.es\/de\/aviso-legal-y-politica-de-privacidad\/","title":{"rendered":"Impressum und Datenschutz"},"content":{"rendered":"<div data-elementor-type=\"wp-page\" data-elementor-id=\"12954\" class=\"elementor elementor-12954\">\n\t\t\t\t\t\t<section class=\"elementor-section elementor-top-section elementor-element elementor-element-2b1184b0 elementor-section-boxed elementor-section-height-default elementor-section-height-default sc_fly_static\" data-id=\"2b1184b0\" data-element_type=\"section\" data-settings=\"{&quot;background_background&quot;:&quot;classic&quot;}\">\n\t\t\t\t\t\t<div class=\"elementor-container elementor-column-gap-extended\">\n\t\t\t\t\t<div class=\"elementor-column elementor-col-100 elementor-top-column elementor-element elementor-element-153e1c19 sc_content_align_inherit sc_layouts_column_icons_position_left sc_fly_static\" data-id=\"153e1c19\" data-element_type=\"column\">\n\t\t\t<div class=\"elementor-widget-wrap elementor-element-populated\">\n\t\t\t\t\t\t<div class=\"elementor-element elementor-element-54db29de sc_fly_static elementor-widget elementor-widget-text-editor\" data-id=\"54db29de\" data-element_type=\"widget\" data-widget_type=\"text-editor.default\">\n\t\t\t\t<div class=\"elementor-widget-container\">\n\t\t\t\t\t\t\t\t\t<h3>Rechtliche Hinweise<\/h3><p>Diese Website ist Eigentum von GARCIA RIERA, SL mit der NIF B43029305 und der Adresse Avd. Ramon de Olzina, 48-50, 43480 Vila-seca (Tarragona)<\/p><p>Bei Fragen oder Anregungen kontaktieren Sie uns bitte unter info@garciariera.es<\/p><p>Diese Website unterliegt den ausschlie\u00dflich in Spanien geltenden Vorschriften und ist sowohl f\u00fcr spanische als auch f\u00fcr ausl\u00e4ndische Benutzer dieser Website verbindlich.<\/p><p>Der Zugriff des BENUTZERS auf unsere Website ist kostenlos und unterliegt der vorherigen Lekt\u00fcre und vollst\u00e4ndigen, ausdr\u00fccklichen und vorbehaltlosen Annahme dieser BEDINGUNGEN.<\/p><p>ALLGEMEINE NUTZUNGSBEDINGUNGEN in der zum Zeitpunkt des Zugriffs g\u00fcltigen Fassung, die wir Sie bitten, sorgf\u00e4ltig zu lesen. Durch die Nutzung unseres Portals, unserer Inhalte oder Dienste akzeptiert der Nutzer ausdr\u00fccklich die Allgemeinen Nutzungsbedingungen und unterwirft sich diesen. Ist der Nutzer mit diesen Nutzungsbedingungen nicht einverstanden, ist er verpflichtet, die Nutzung dieses Portals oder die Nutzung darauf zu unterlassen.<\/p><p>Wir k\u00f6nnen die Darstellung und Konfiguration unserer Website jederzeit einseitig \u00e4ndern, Dienste erweitern oder einschr\u00e4nken oder sie sowie die bereitgestellten Dienste und Inhalte ohne vorherige Ank\u00fcndigung aus dem Internet entfernen.<\/p><h5>A. GEISTIGES EIGENTUM<\/h5><p>Alle Inhalte, Texte, Bilder, Marken und Quellcodes sind unser Eigentum oder das Eigentum Dritter, von denen wir Nutzungsrechte erworben haben, und sind durch geistige und gewerbliche Eigentumsrechte gesch\u00fctzt.<\/p><p>Der Benutzer ist nur zur privaten, nichtkommerziellen Nutzung dieses Materials berechtigt und ben\u00f6tigt eine ausdr\u00fcckliche Genehmigung zur \u00c4nderung, Vervielf\u00e4ltigung, Nutzung, Verbreitung oder Aus\u00fcbung jeglicher Rechte des Eigent\u00fcmers.<\/p><h5>B. ZUGANGSBEDINGUNGEN<\/h5><p>Der Zugriff auf unsere Website ist kostenlos und erfordert kein vorheriges Abonnement oder keine Registrierung.<\/p><p>Mit der \u00dcbermittlung personenbezogener Daten akzeptieren Sie ausdr\u00fccklich unsere Datenschutzbestimmungen.<\/p><p>Der Nutzer muss in gutem Glauben, unter Einhaltung der Vorschriften zur \u00f6ffentlichen Ordnung und in \u00dcbereinstimmung mit diesen Allgemeinen Nutzungsbedingungen auf unsere Website zugreifen. Der Zugriff auf unsere Website erfolgt auf die alleinige und ausschlie\u00dfliche Verantwortung des Nutzers. Der Nutzer haftet in jedem Fall f\u00fcr alle Sch\u00e4den, die Dritten oder uns entstehen.<\/p><p>Da wir die Informationen, Inhalte und Dienste anderer Websites, die \u00fcber Links auf unserer Website erreichbar sind und Ihnen zur Verf\u00fcgung gestellt werden, nicht kontrollieren k\u00f6nnen, lehnen wir hiermit ausdr\u00fccklich jegliche Haftung f\u00fcr Sch\u00e4den jeglicher Art ab, die sich aus der Nutzung dieser Websites, die nicht Eigentum unseres Unternehmens sind, durch den Benutzer ergeben.<\/p><h5>C. DATENSCHUTZERKL\u00c4RUNG<\/h5><p>Vertraulichkeit und Sicherheit sind Grundwerte von GARCIA RIERA, SL. Daher verpflichten wir uns, die Privatsph\u00e4re unserer Nutzer jederzeit zu gew\u00e4hrleisten und keine unn\u00f6tigen Informationen zu sammeln. Im Folgenden stellen wir alle notwendigen Informationen zu unserer Datenschutzrichtlinie in Bezug auf die von uns gesammelten personenbezogenen Daten bereit und erkl\u00e4ren Folgendes:<\/p><p>Wer ist f\u00fcr die Verarbeitung Ihrer Daten verantwortlich?<br \/>Zu welchem Zweck erheben wir die abgefragten Daten?<br \/>Was ist die Legitimit\u00e4t f\u00fcr seine Behandlung?<br \/>Wie lange wir sie aufbewahren.<br \/>An welche Empf\u00e4nger Ihre Daten \u00fcbermittelt werden.<br \/>Welche Rechte haben Sie?<br \/>VERANTWORTLICH: siehe Angaben in der \u00dcberschrift.<br \/>ZWECKE, LEGITIMIERUNG UND AUFBEWAHRUNG der Verarbeitung der \u00fcbermittelten Daten:<br \/>Kontaktformular.<br \/>Zweck: Um Ihnen die M\u00f6glichkeit zu geben, mit uns in Kontakt zu treten und auf Ihre Informationsanfragen zu antworten, sowie um Ihnen auf elektronischem Wege (E-Mail, SMS, WhatsApp) Mitteilungen \u00fcber unsere Produkte, Dienstleistungen und Aktivit\u00e4ten zu senden, wenn Sie das entsprechende K\u00e4stchen ankreuzen.<\/p><p>Legitimation: Die Zustimmung des Benutzers, \u00fcber unser Kontaktformular Informationen von uns anzufordern und das Kontrollk\u00e4stchen zur Annahme der Zusendung von Informationen zu aktivieren.<\/p><p>Aufbewahrung: Sobald Ihre Anfrage \u00fcber unser Formular oder per E-Mail beantwortet wurde, Sie keine neue Behandlung generiert haben und Sie dem Erhalt kommerzieller Mailings zugestimmt haben, bis Sie deren Abmeldung beantragen.<\/p><p>E-Mails senden.<br \/>Zweck: Beantwortung Ihrer Informationsanfragen, Bearbeitung Ihrer Anfragen und Beantwortung Ihrer Fragen oder Anliegen. Wenn wir Ihren Lebenslauf erhalten, k\u00f6nnen Ihre pers\u00f6nlichen Daten und Lebenslaufdaten zur Teilnahme an aktuellen und zuk\u00fcnftigen Auswahlverfahren in unsere Datenbanken aufgenommen werden.<\/p><p>Legitimit\u00e4t: Die Einwilligung des Nutzers, von uns per E-Mail Informationen anzufordern oder uns seine Daten und seinen Lebenslauf zur Teilnahme an Auswahlverfahren zu \u00fcbermitteln.<\/p><p>Aufbewahrung: Sobald Ihre Anfrage bearbeitet und per E-Mail beantwortet wurde, sofern keine weitere Bearbeitung gew\u00fcnscht ist. Wenn wir Ihren Lebenslauf erhalten, k\u00f6nnen Ihre Daten f\u00fcr zuk\u00fcnftige Auswahlverfahren maximal ein Jahr lang aufbewahrt werden.<\/p><h6>Verpflichtung zur Bereitstellung personenbezogener Daten und Folgen der Nichtbereitstellung.<\/h6><p>Voraussetzung f\u00fcr die Bereitstellung personenbezogener Daten ist ein Mindestalter von 14 Jahren bzw. die ausreichende Gesch\u00e4ftsf\u00e4higkeit zum Abschluss eines Vertrages.<\/p><p>Die angeforderten personenbezogenen Daten sind erforderlich, um Ihre Anfragen zu bearbeiten, Sie als Benutzer zu registrieren und Ihnen die von Ihnen angeforderten Dienste bereitzustellen. Wenn Sie diese Informationen nicht bereitstellen, k\u00f6nnen wir Sie nicht ordnungsgem\u00e4\u00df bedienen oder Ihnen den von Ihnen angeforderten Dienst nicht bereitstellen.<\/p><p>In jedem Fall behalten wir uns das Recht vor, zu entscheiden, ob wir Ihre personenbezogenen Daten und sonstigen Informationen in unsere Datenbank aufnehmen oder nicht.<\/p><p>EMPF\u00c4NGER IHRER DATEN.<br \/>Ihre Daten werden vertraulich behandelt und nicht an Dritte weitergegeben, es sei denn, wir sind gesetzlich dazu verpflichtet.<\/p><p>RECHTE IN BEZUG AUF IHRE PERSONENBEZOGENEN DATEN.<br \/>Jeder kann seine einmal erteilte Einwilligung zur Verarbeitung seiner Daten jederzeit widerrufen. Der Widerruf der Einwilligung hat in keinem Fall Auswirkungen auf die Ausf\u00fchrung des Abonnementvertrags oder zuvor bestehender Beziehungen.<\/p><p>Sie k\u00f6nnen au\u00dferdem folgende Rechte aus\u00fcben:<\/p><p>Fordern Sie Zugriff auf Ihre personenbezogenen Daten oder deren Berichtigung an, wenn diese ungenau sind.<br \/>Fordern Sie die L\u00f6schung an, wenn Ihre Daten unter anderem f\u00fcr den Zweck, f\u00fcr den sie erhoben wurden, nicht mehr erforderlich sind.<br \/>Fordern Sie unter bestimmten Umst\u00e4nden eine Einschr\u00e4nkung der Verarbeitung an.<br \/>Beantragen Sie aus Gr\u00fcnden, die sich aus Ihrer besonderen Situation ergeben, Widerspruch gegen die Verarbeitung Ihrer Daten.<br \/>Fordern Sie in den in den Vorschriften vorgesehenen F\u00e4llen die Daten\u00fcbertragbarkeit an.<br \/>Andere in den geltenden Vorschriften anerkannte Rechte.<br \/>Wo und wie Sie Ihre Rechte geltend machen k\u00f6nnen: Indem Sie sich schriftlich an den Verantwortlichen unter Angabe des Vermerks \u201ePersonenbezogene Daten\u201c an dessen Postanschrift oder E-Mail-Adresse (siehe Abschnitt A) wenden und dabei angeben, welches Recht Sie aus\u00fcben m\u00f6chten und in Bezug auf welche personenbezogenen Daten.<\/p><p>Wenn Sie mit dem Unternehmen einen Streit bez\u00fcglich der Verarbeitung Ihrer Daten haben, k\u00f6nnen Sie eine Beschwerde bei der Datenschutzbeh\u00f6rde (www.agpd.es) einreichen.<\/p><p>SICHERHEIT IHRER PERS\u00d6NLICHEN DATEN<br \/>Um die Sicherheit Ihrer personenbezogenen Daten zu gew\u00e4hrleisten, informieren wir Sie, dass wir alle notwendigen technischen und organisatorischen Ma\u00dfnahmen ergriffen haben, um die Sicherheit Ihrer bereitgestellten personenbezogenen Daten vor Ver\u00e4nderung, Verlust, unbefugter Verarbeitung oder Zugriff zu gew\u00e4hrleisten.<\/p><p>DATENUPDATE<br \/>Damit wir Ihre personenbezogenen Daten stets aktuell halten k\u00f6nnen, ist es wichtig, dass Sie uns \u00fcber etwaige \u00c4nderungen informieren. Andernfalls k\u00f6nnen wir f\u00fcr deren Richtigkeit nicht haftbar gemacht werden.<\/p><p>Wir sind nicht verantwortlich f\u00fcr die Datenschutzrichtlinien bez\u00fcglich personenbezogener Daten, die Sie m\u00f6glicherweise \u00fcber die auf unserer Website verf\u00fcgbaren Links an Dritte weitergeben.<\/p><p>Diese Datenschutzrichtlinie kann ge\u00e4ndert werden, um sie an \u00c4nderungen unserer Website sowie an gesetzliche oder rechtliche \u00c4nderungen in Bezug auf personenbezogene Daten anzupassen. Lesen Sie sie daher jedes Mal, wenn Sie uns Ihre Daten \u00fcber diese Website zur Verf\u00fcgung stellen.<\/p><h5>D. VERANTWORTLICHKEITEN<\/h5><p>Mit der Bereitstellung dieser Website m\u00f6chten wir dem Benutzer einen qualitativ hochwertigen Service bieten und dabei mit gr\u00f6\u00dfter Sorgfalt und den eingesetzten technischen Mitteln arbeiten. Wir sind jedoch nicht f\u00fcr das Vorhandensein von Viren oder anderen Elementen verantwortlich, die das Computersystem des Benutzers in irgendeiner Weise besch\u00e4digen k\u00f6nnen.<\/p><p>Wir garantieren nicht, dass der Dienst kontinuierlich und ununterbrochen verf\u00fcgbar ist.<\/p><p>Dem NUTZER ist jede Art von Aktion auf unserem Portal untersagt, die eine \u00fcberm\u00e4\u00dfige \u00dcberlastung unserer Computersysteme verursacht, sowie die Einf\u00fchrung von Viren oder die Installation von Robotern oder Software, die den normalen Betrieb unserer Website ver\u00e4ndert oder letztendlich Sch\u00e4den an unseren Computersystemen verursachen kann.<\/p><p>Der NUTZER \u00fcbernimmt die gesamte Verantwortung, die sich aus der Nutzung unserer Website ergibt.<\/p><p>Der NUTZER best\u00e4tigt, dass er die Informationen zu den Nutzungsbedingungen unseres Portals vollst\u00e4ndig verstanden hat und erkennt an, dass diese ausreichen, um Fehler in diesen Bedingungen auszuschlie\u00dfen und akzeptiert diese daher ausdr\u00fccklich und vollumf\u00e4nglich.<\/p>\t\t\t\t\t\t\t\t<\/div>\n\t\t\t\t<\/div>\n\t\t\t\t\t<\/div>\n\t\t<\/div>\n\t\t\t\t\t<\/div>\n\t\t<\/section>\n\t\t\t\t<\/div>","protected":false},"excerpt":{"rendered":"<p>Aviso legal Esta p\u00e1gina Web es propiedad de GARCIA RIERA, SL con NIF B43029305 i domicilio a Avd. Ramon de Olzina, 48-50, 43480 Vila-seca (Tarragona) Para cualquier consulta o propuesta,&hellip;<\/p>","protected":false},"author":1,"featured_media":0,"parent":0,"menu_order":0,"comment_status":"closed","ping_status":"closed","template":"","meta":{"inline_featured_image":false,"footnotes":""},"class_list":["post-12954","page","type-page","status-publish","hentry"],"yoast_head":"<!-- This site is optimized with the Yoast SEO plugin v26.8 - https:\/\/yoast.com\/product\/yoast-seo-wordpress\/ -->\n<title>Aviso legal y Pol\u00edtica de privacidad - GRHomes<\/title>\n<meta name=\"robots\" content=\"index, follow, max-snippet:-1, max-image-preview:large, max-video-preview:-1\" \/>\n<link rel=\"canonical\" href=\"https:\/\/grhomes.es\/de\/aviso-legal-y-politica-de-privacidad\/\" \/>\n<meta property=\"og:locale\" content=\"de_DE\" \/>\n<meta property=\"og:type\" content=\"article\" \/>\n<meta property=\"og:title\" content=\"Aviso legal y Pol\u00edtica de privacidad - GRHomes\" \/>\n<meta property=\"og:description\" content=\"Aviso legal Esta p\u00e1gina Web es propiedad de GARCIA RIERA, SL con NIF B43029305 i domicilio a Avd. Ramon de Olzina, 48-50, 43480 Vila-seca (Tarragona) Para cualquier consulta o propuesta,&hellip;\" \/>\n<meta property=\"og:url\" content=\"https:\/\/grhomes.es\/de\/aviso-legal-y-politica-de-privacidad\/\" \/>\n<meta property=\"og:site_name\" content=\"GRHomes\" \/>\n<meta property=\"article:modified_time\" content=\"2024-07-18T09:06:43+00:00\" \/>\n<meta name=\"twitter:card\" content=\"summary_large_image\" \/>\n<meta name=\"twitter:label1\" content=\"Gesch\u00e4tzte Lesezeit\" \/>\n\t<meta name=\"twitter:data1\" content=\"8\u00a0Minuten\" \/>\n<script type=\"application\/ld+json\" class=\"yoast-schema-graph\">{\"@context\":\"https:\/\/schema.org\",\"@graph\":[{\"@type\":\"WebPage\",\"@id\":\"https:\/\/grhomes.es\/aviso-legal-y-politica-de-privacidad\/\",\"url\":\"https:\/\/grhomes.es\/aviso-legal-y-politica-de-privacidad\/\",\"name\":\"Aviso legal y Pol\u00edtica de privacidad - GRHomes\",\"isPartOf\":{\"@id\":\"https:\/\/grhomes.es\/#website\"},\"datePublished\":\"2020-08-27T08:23:10+00:00\",\"dateModified\":\"2024-07-18T09:06:43+00:00\",\"breadcrumb\":{\"@id\":\"https:\/\/grhomes.es\/aviso-legal-y-politica-de-privacidad\/#breadcrumb\"},\"inLanguage\":\"de\",\"potentialAction\":[{\"@type\":\"ReadAction\",\"target\":[\"https:\/\/grhomes.es\/aviso-legal-y-politica-de-privacidad\/\"]}]},{\"@type\":\"BreadcrumbList\",\"@id\":\"https:\/\/grhomes.es\/aviso-legal-y-politica-de-privacidad\/#breadcrumb\",\"itemListElement\":[{\"@type\":\"ListItem\",\"position\":1,\"name\":\"Inici\",\"item\":\"https:\/\/grhomes.es\/\"},{\"@type\":\"ListItem\",\"position\":2,\"name\":\"Aviso legal y Pol\u00edtica de privacidad\"}]},{\"@type\":\"WebSite\",\"@id\":\"https:\/\/grhomes.es\/#website\",\"url\":\"https:\/\/grhomes.es\/\",\"name\":\"GRHomes\",\"description\":\"Viviendas para vivir en la Costa Daurada\",\"publisher\":{\"@id\":\"https:\/\/grhomes.es\/#organization\"},\"potentialAction\":[{\"@type\":\"SearchAction\",\"target\":{\"@type\":\"EntryPoint\",\"urlTemplate\":\"https:\/\/grhomes.es\/?s={search_term_string}\"},\"query-input\":{\"@type\":\"PropertyValueSpecification\",\"valueRequired\":true,\"valueName\":\"search_term_string\"}}],\"inLanguage\":\"de\"},{\"@type\":\"Organization\",\"@id\":\"https:\/\/grhomes.es\/#organization\",\"name\":\"GR HOMES\",\"alternateName\":\"Viviendas para vivir en la Costa Daurada\",\"url\":\"https:\/\/grhomes.es\/\",\"logo\":{\"@type\":\"ImageObject\",\"inLanguage\":\"de\",\"@id\":\"https:\/\/grhomes.es\/#\/schema\/logo\/image\/\",\"url\":\"https:\/\/grhomes.es\/wp-content\/uploads\/2024\/07\/11745_logo_gr_homes_1.svg\",\"contentUrl\":\"https:\/\/grhomes.es\/wp-content\/uploads\/2024\/07\/11745_logo_gr_homes_1.svg\",\"caption\":\"GR HOMES\"},\"image\":{\"@id\":\"https:\/\/grhomes.es\/#\/schema\/logo\/image\/\"}}]}<\/script>\n<!-- \/ Yoast SEO plugin. -->","yoast_head_json":{"title":"Aviso legal y Pol\u00edtica de privacidad - GRHomes","robots":{"index":"index","follow":"follow","max-snippet":"max-snippet:-1","max-image-preview":"max-image-preview:large","max-video-preview":"max-video-preview:-1"},"canonical":"https:\/\/grhomes.es\/de\/aviso-legal-y-politica-de-privacidad\/","og_locale":"de_DE","og_type":"article","og_title":"Aviso legal y Pol\u00edtica de privacidad - GRHomes","og_description":"Aviso legal Esta p\u00e1gina Web es propiedad de GARCIA RIERA, SL con NIF B43029305 i domicilio a Avd. Ramon de Olzina, 48-50, 43480 Vila-seca (Tarragona) Para cualquier consulta o propuesta,&hellip;","og_url":"https:\/\/grhomes.es\/de\/aviso-legal-y-politica-de-privacidad\/","og_site_name":"GRHomes","article_modified_time":"2024-07-18T09:06:43+00:00","twitter_card":"summary_large_image","twitter_misc":{"Gesch\u00e4tzte Lesezeit":"8\u00a0Minuten"},"schema":{"@context":"https:\/\/schema.org","@graph":[{"@type":"WebPage","@id":"https:\/\/grhomes.es\/aviso-legal-y-politica-de-privacidad\/","url":"https:\/\/grhomes.es\/aviso-legal-y-politica-de-privacidad\/","name":"Aviso legal y Pol\u00edtica de privacidad - GRHomes","isPartOf":{"@id":"https:\/\/grhomes.es\/#website"},"datePublished":"2020-08-27T08:23:10+00:00","dateModified":"2024-07-18T09:06:43+00:00","breadcrumb":{"@id":"https:\/\/grhomes.es\/aviso-legal-y-politica-de-privacidad\/#breadcrumb"},"inLanguage":"de","potentialAction":[{"@type":"ReadAction","target":["https:\/\/grhomes.es\/aviso-legal-y-politica-de-privacidad\/"]}]},{"@type":"BreadcrumbList","@id":"https:\/\/grhomes.es\/aviso-legal-y-politica-de-privacidad\/#breadcrumb","itemListElement":[{"@type":"ListItem","position":1,"name":"Inici","item":"https:\/\/grhomes.es\/"},{"@type":"ListItem","position":2,"name":"Aviso legal y Pol\u00edtica de privacidad"}]},{"@type":"WebSite","@id":"https:\/\/grhomes.es\/#website","url":"https:\/\/grhomes.es\/","name":"GRHomes","description":"Wohnh\u00e4user an der Costa Daurada","publisher":{"@id":"https:\/\/grhomes.es\/#organization"},"potentialAction":[{"@type":"SearchAction","target":{"@type":"EntryPoint","urlTemplate":"https:\/\/grhomes.es\/?s={search_term_string}"},"query-input":{"@type":"PropertyValueSpecification","valueRequired":true,"valueName":"search_term_string"}}],"inLanguage":"de"},{"@type":"Organization","@id":"https:\/\/grhomes.es\/#organization","name":"GR HOMES","alternateName":"Viviendas para vivir en la Costa Daurada","url":"https:\/\/grhomes.es\/","logo":{"@type":"ImageObject","inLanguage":"de","@id":"https:\/\/grhomes.es\/#\/schema\/logo\/image\/","url":"https:\/\/grhomes.es\/wp-content\/uploads\/2024\/07\/11745_logo_gr_homes_1.svg","contentUrl":"https:\/\/grhomes.es\/wp-content\/uploads\/2024\/07\/11745_logo_gr_homes_1.svg","caption":"GR HOMES"},"image":{"@id":"https:\/\/grhomes.es\/#\/schema\/logo\/image\/"}}]}},"_links":{"self":[{"href":"https:\/\/grhomes.es\/de\/wp-json\/wp\/v2\/pages\/12954","targetHints":{"allow":["GET"]}}],"collection":[{"href":"https:\/\/grhomes.es\/de\/wp-json\/wp\/v2\/pages"}],"about":[{"href":"https:\/\/grhomes.es\/de\/wp-json\/wp\/v2\/types\/page"}],"author":[{"embeddable":true,"href":"https:\/\/grhomes.es\/de\/wp-json\/wp\/v2\/users\/1"}],"replies":[{"embeddable":true,"href":"https:\/\/grhomes.es\/de\/wp-json\/wp\/v2\/comments?post=12954"}],"version-history":[{"count":0,"href":"https:\/\/grhomes.es\/de\/wp-json\/wp\/v2\/pages\/12954\/revisions"}],"wp:attachment":[{"href":"https:\/\/grhomes.es\/de\/wp-json\/wp\/v2\/media?parent=12954"}],"curies":[{"name":"wp","href":"https:\/\/api.w.org\/{rel}","templated":true}]}}