{"id":23343,"date":"2024-07-18T11:20:53","date_gmt":"2024-07-18T09:20:53","guid":{"rendered":"https:\/\/grhomes.es\/?page_id=23343"},"modified":"2024-07-18T11:35:40","modified_gmt":"2024-07-18T09:35:40","slug":"politica-de-cookies","status":"publish","type":"page","link":"https:\/\/grhomes.es\/ca\/politica-de-cookies\/","title":{"rendered":"Pol\u00edtica de Cookies"},"content":{"rendered":"<div data-elementor-type=\"wp-page\" data-elementor-id=\"23343\" class=\"elementor elementor-23343\">\n\t\t\t\t\t\t<section class=\"elementor-section elementor-top-section elementor-element elementor-element-2b1184b0 elementor-section-boxed elementor-section-height-default elementor-section-height-default sc_fly_static\" data-id=\"2b1184b0\" data-element_type=\"section\" data-settings=\"{&quot;background_background&quot;:&quot;classic&quot;}\">\n\t\t\t\t\t\t<div class=\"elementor-container elementor-column-gap-extended\">\n\t\t\t\t\t<div class=\"elementor-column elementor-col-100 elementor-top-column elementor-element elementor-element-153e1c19 sc_content_align_inherit sc_layouts_column_icons_position_left sc_fly_static\" data-id=\"153e1c19\" data-element_type=\"column\">\n\t\t\t<div class=\"elementor-widget-wrap elementor-element-populated\">\n\t\t\t\t\t\t<div class=\"elementor-element elementor-element-54db29de sc_fly_static elementor-widget elementor-widget-text-editor\" data-id=\"54db29de\" data-element_type=\"widget\" data-widget_type=\"text-editor.default\">\n\t\t\t\t<div class=\"elementor-widget-container\">\n\t\t\t\t\t\t\t\t\t<h3>Pol\u00edtica de cookies de grhomes.es<\/h3><p>A <a href=\"https:\/\/grhomes.es\/ca\/\">grhomes.es<\/a> utilitzem cookies amb l&#039;objectiu de prestar un millor servei i proporcionar-vos una millor experi\u00e8ncia en la vostra navegaci\u00f3. Volem informar-lo de manera clara i precisa sobre les galetes que utilitzem, detallant a continuaci\u00f3, que \u00e9s una galeta, perqu\u00e8 serveix, quins tipus de galetes utilitzem, quines s\u00f3n la seva finalitat i com les pot configurar o deshabilitar si aix\u00ed ho desitja.<\/p><h5>Qu\u00e8 \u00e9s una galeta i perqu\u00e8 serveix?<\/h5><p>Una \u201cCookie\u201d \u00e9s un fitxer petit que s&#039;emmagatzema a l&#039;ordinador de l&#039;usuari, tauleta, smartphone o qualsevol altre dispositiu amb informaci\u00f3 sobre la navegaci\u00f3. El conjunt de \u201ccookies\u201d de tots els nostres usuaris ens ajuda a millorar la qualitat de la nostra web, permetent controlar quines pagines s\u00f3n \u00fatils, quines no i quines s\u00f3n susceptibles de millora. Les galetes s\u00f3n essencials per al funcionament d&#039;internet, aportant innombrables avantatges en la prestaci\u00f3 de serveis interactius, facilitant la navegaci\u00f3 i usabilitat de la nostra web. En cap cas les galetes podrien fer malb\u00e9 el teu equip. Per contra, el que estiguin actives ens ajuda a identificar i resoldre els errors.<\/p><h5>Quins tipus de galetes utilitzem?<\/h5><h6><strong>Segons l&#039;entitat que la gestiona:<\/strong><\/h6><p>\u2022 <strong>Cookies pr\u00f2pies<\/strong>: S\u00f3n aquelles que s&#039;envien al vostre equip des dels nostres propis equips o dominis i des del qual prestem el servei que ens sol\u00b7licita.<\/p><p>\u2022 <strong>Galetes de tercers<\/strong>: S\u00f3n aquelles que s&#039;envien al vostre equip des d&#039;un equip o domini que no \u00e9s gestionat per nosaltres, sin\u00f3 per una altra entitat col\u00b7laboradora. Com, per exemple, les utilitzades per xarxes socials, o per contingut extern com Google Maps.<\/p><h6><strong>Segons el termini de temps que es mantenen activades:<\/strong><\/h6><p>\u2022 <strong>Galetes de sessi\u00f3<\/strong>: S\u00f3n cookies temporals que romanen a l&#039;arxiu de cookies del teu navegador fins que abandones la p\u00e0gina web, per la qual cosa cap queda registrada al disc dur del teu ordinador. La informaci\u00f3 obtinguda per mitj\u00e0 d&#039;aquestes galetes serveix per analitzar pautes de tr\u00e0nsit a la web. A la llarga, aix\u00f2 ens permet proporcionar una millor experi\u00e8ncia per millorar-ne el contingut i facilitar-ne l&#039;\u00fas.<\/p><p>\u2022<strong> Galetes persistents<\/strong>: s\u00f3n emmagatzemades al disc dur i la nostra web les llegeix cada vegada que es realitza una nova visita. Un web permanent t\u00e9 una data d&#039;expiraci\u00f3 determinada. La galeta deixar\u00e0 de funcionar despr\u00e9s d&#039;aquesta data. Aquestes cookies les utilitzem, generalment, per facilitar els serveis de compra i registre.<\/p><h6><strong>Segons la finalitat:<\/strong><\/h6><p>\u2022 <strong>Galetes t\u00e8cniques<\/strong>: S\u00f3n aquelles necess\u00e0ries per a la navegaci\u00f3 i el bon funcionament de la p\u00e0gina web. Permeten, per exemple, controlar el tr\u00e0nsit i la comunicaci\u00f3 de dades, accedir a parts d&#039;acc\u00e9s restringit, fer el proc\u00e9s de compra d&#039;una comanda, utilitzar elements de seguretat, emmagatzemar continguts per difondre v\u00eddeos o compartir continguts a trav\u00e9s de xarxes socials.<\/p><p>\u2022 <strong>Cookies de personalitzaci\u00f3<\/strong>: S\u00f3n aquelles que et permeten accedir al servei amb unes caracter\u00edstiques predefinides en funci\u00f3 d&#039;una s\u00e8rie de criteris, com ara l&#039;idioma, el tipus de navegador a trav\u00e9s del qual accedeix al servei, la configuraci\u00f3 regional des d&#039;on s&#039;accedeix al servei, etc.<\/p><p>\u2022 <strong>Galetes d&#039;an\u00e0lisi<\/strong>: S\u00f3n aquelles que ens permeten quantificar el nom d&#039;usuaris i aix\u00ed mesurar i analitzar estad\u00edstiques de la utilitzaci\u00f3 que fan els usuaris dels serveis prestats. Per aix\u00f2 se n&#039;analitza la navegaci\u00f3 a la nostra p\u00e0gina web, per millorar l&#039;oferta de productes i serveis que oferim.<\/p><p>\u2022 <strong>Galetes publicit\u00e0ries<\/strong>: S\u00f3n aquelles que permeten la gesti\u00f3, de la manera m\u00e9s efica\u00e7 possible, dels espais publicitaris que es poguessin incloure a la nostra p\u00e0gina web. - Galetes de publicitat comportamental: aquestes galetes emmagatzemen informaci\u00f3 del comportament dels usuaris obtinguda a trav\u00e9s de l&#039;observaci\u00f3 continuada. Gr\u00e0cies a elles, podem con\u00e8ixer els h\u00e0bits de navegaci\u00f3 a internet i mostrar publicitat relacionada amb el vostre perfil de navegaci\u00f3.<\/p><h5>Com pots configurar o desactivar les galetes?<\/h5><p>Podeu permetre, bloquejar o eliminar les galetes instal\u00b7lades al vostre equip mitjan\u00e7ant la configuraci\u00f3 de les opcions del vostre navegador d&#039;Internet. En cas que no permeti la instal\u00b7laci\u00f3 de cookies al vostre navegador \u00e9s possible que no pugui accedir a alguns dels serveis i que la seva experi\u00e8ncia a la nostra web pugui resultar menys satisfact\u00f2ria.<\/p><p>En els seg\u00fcents enlla\u00e7os teniu a la vostra disposici\u00f3 tota la informaci\u00f3 per configurar o deshabilitar les vostres cookies a cada navegador:<\/p><ul><li><a href=\"http:\/\/support.google.com\/chrome\/answer\/95647?hl=es\">Google Chrome<\/a><\/li><li><a href=\"http:\/\/support.mozilla.org\/es\/kb\/habilitar-y-deshabilitar-cookies-que-los-sitios-we\">Mozilla Firefox<\/a><\/li><li><a href=\"http:\/\/windows.microsoft.com\/es-es\/windows-vista\/block-or-allow-cookies\">Internet Explorer<\/a><\/li><li><a href=\"http:\/\/support.apple.com\/kb\/ph5042?viewlocale=es_es\">Safari<\/a><\/li><li><a href=\"http:\/\/support.apple.com\/kb\/ht1677?viewlocale=es_es\">Safari per a IOS<\/a> (iPhone i iPad)<\/li><li><a href=\"http:\/\/support.google.com\/chrome\/answer\/2392971?hl=es\">Chrome per a Android<\/a><\/li><\/ul><h5>Consentiment<\/h5><p>A <a href=\"https:\/\/grhomes.es\/ca\/\">grhomes.es<\/a> mai guardem les dades personals dels nostres usuaris, a excepci\u00f3 de l&#039;adre\u00e7a IP d&#039;acord amb all\u00f2 descrit anteriorment, excepte aquelles que s&#039;aporten en el moment del registre i amb les finalitats exposades a l&#039;Av\u00eds Legal i la Pol\u00edtica de Privadesa.<\/p><p>En navegar i continuar a la nostra web ens indica que est\u00e0 consentint l&#039;\u00fas de les cookies abans esmentades, i en les condicions contingudes a la present Pol\u00edtica de Cookies.<\/p>\t\t\t\t\t\t\t\t<\/div>\n\t\t\t\t<\/div>\n\t\t\t\t\t<\/div>\n\t\t<\/div>\n\t\t\t\t\t<\/div>\n\t\t<\/section>\n\t\t\t\t<\/div>","protected":false},"excerpt":{"rendered":"<p>Pol\u00edtica de cookies de grhomes.es En grhomes.es utilizamos cookies con el objetivo de prestar un mejor servicio y proporcionarle una mejor experiencia en su navegaci\u00f3n. Queremos informarle de manera clara&hellip;<\/p>","protected":false},"author":1,"featured_media":0,"parent":0,"menu_order":0,"comment_status":"closed","ping_status":"closed","template":"","meta":{"inline_featured_image":false,"footnotes":""},"class_list":["post-23343","page","type-page","status-publish","hentry"],"yoast_head":"<!-- This site is optimized with the Yoast SEO plugin v26.8 - https:\/\/yoast.com\/product\/yoast-seo-wordpress\/ -->\n<title>Pol\u00edtica de Cookies - GRHomes<\/title>\n<meta name=\"robots\" content=\"index, follow, max-snippet:-1, max-image-preview:large, max-video-preview:-1\" \/>\n<link rel=\"canonical\" href=\"https:\/\/grhomes.es\/ca\/politica-de-cookies\/\" \/>\n<meta property=\"og:locale\" content=\"ca_ES\" \/>\n<meta property=\"og:type\" content=\"article\" \/>\n<meta property=\"og:title\" content=\"Pol\u00edtica de Cookies - GRHomes\" \/>\n<meta property=\"og:description\" content=\"Pol\u00edtica de cookies de grhomes.es En grhomes.es utilizamos cookies con el objetivo de prestar un mejor servicio y proporcionarle una mejor experiencia en su navegaci\u00f3n. Queremos informarle de manera clara&hellip;\" \/>\n<meta property=\"og:url\" content=\"https:\/\/grhomes.es\/ca\/politica-de-cookies\/\" \/>\n<meta property=\"og:site_name\" content=\"GRHomes\" \/>\n<meta property=\"article:modified_time\" content=\"2024-07-18T09:35:40+00:00\" \/>\n<meta name=\"twitter:card\" content=\"summary_large_image\" \/>\n<meta name=\"twitter:label1\" content=\"Temps estimat de lectura\" \/>\n\t<meta name=\"twitter:data1\" content=\"5 minuts\" \/>\n<script type=\"application\/ld+json\" class=\"yoast-schema-graph\">{\"@context\":\"https:\/\/schema.org\",\"@graph\":[{\"@type\":\"WebPage\",\"@id\":\"https:\/\/grhomes.es\/politica-de-cookies\/\",\"url\":\"https:\/\/grhomes.es\/politica-de-cookies\/\",\"name\":\"Pol\u00edtica de Cookies - GRHomes\",\"isPartOf\":{\"@id\":\"https:\/\/grhomes.es\/#website\"},\"datePublished\":\"2024-07-18T09:20:53+00:00\",\"dateModified\":\"2024-07-18T09:35:40+00:00\",\"breadcrumb\":{\"@id\":\"https:\/\/grhomes.es\/politica-de-cookies\/#breadcrumb\"},\"inLanguage\":\"ca\",\"potentialAction\":[{\"@type\":\"ReadAction\",\"target\":[\"https:\/\/grhomes.es\/politica-de-cookies\/\"]}]},{\"@type\":\"BreadcrumbList\",\"@id\":\"https:\/\/grhomes.es\/politica-de-cookies\/#breadcrumb\",\"itemListElement\":[{\"@type\":\"ListItem\",\"position\":1,\"name\":\"Inici\",\"item\":\"https:\/\/grhomes.es\/\"},{\"@type\":\"ListItem\",\"position\":2,\"name\":\"Pol\u00edtica de Cookies\"}]},{\"@type\":\"WebSite\",\"@id\":\"https:\/\/grhomes.es\/#website\",\"url\":\"https:\/\/grhomes.es\/\",\"name\":\"GRHomes\",\"description\":\"Viviendas para vivir en la Costa Daurada\",\"publisher\":{\"@id\":\"https:\/\/grhomes.es\/#organization\"},\"potentialAction\":[{\"@type\":\"SearchAction\",\"target\":{\"@type\":\"EntryPoint\",\"urlTemplate\":\"https:\/\/grhomes.es\/?s={search_term_string}\"},\"query-input\":{\"@type\":\"PropertyValueSpecification\",\"valueRequired\":true,\"valueName\":\"search_term_string\"}}],\"inLanguage\":\"ca\"},{\"@type\":\"Organization\",\"@id\":\"https:\/\/grhomes.es\/#organization\",\"name\":\"GR HOMES\",\"alternateName\":\"Viviendas para vivir en la Costa Daurada\",\"url\":\"https:\/\/grhomes.es\/\",\"logo\":{\"@type\":\"ImageObject\",\"inLanguage\":\"ca\",\"@id\":\"https:\/\/grhomes.es\/#\/schema\/logo\/image\/\",\"url\":\"https:\/\/grhomes.es\/wp-content\/uploads\/2026\/04\/logo_grhomes_vertical_1.svg\",\"contentUrl\":\"https:\/\/grhomes.es\/wp-content\/uploads\/2026\/04\/logo_grhomes_vertical_1.svg\",\"caption\":\"GR HOMES\"},\"image\":{\"@id\":\"https:\/\/grhomes.es\/#\/schema\/logo\/image\/\"}}]}<\/script>\n<!-- \/ Yoast SEO plugin. -->","yoast_head_json":{"title":"Pol\u00edtica de Cookies - GRHomes","robots":{"index":"index","follow":"follow","max-snippet":"max-snippet:-1","max-image-preview":"max-image-preview:large","max-video-preview":"max-video-preview:-1"},"canonical":"https:\/\/grhomes.es\/ca\/politica-de-cookies\/","og_locale":"ca_ES","og_type":"article","og_title":"Pol\u00edtica de Cookies - GRHomes","og_description":"Pol\u00edtica de cookies de grhomes.es En grhomes.es utilizamos cookies con el objetivo de prestar un mejor servicio y proporcionarle una mejor experiencia en su navegaci\u00f3n. Queremos informarle de manera clara&hellip;","og_url":"https:\/\/grhomes.es\/ca\/politica-de-cookies\/","og_site_name":"GRHomes","article_modified_time":"2024-07-18T09:35:40+00:00","twitter_card":"summary_large_image","twitter_misc":{"Temps estimat de lectura":"5 minuts"},"schema":{"@context":"https:\/\/schema.org","@graph":[{"@type":"WebPage","@id":"https:\/\/grhomes.es\/politica-de-cookies\/","url":"https:\/\/grhomes.es\/politica-de-cookies\/","name":"Pol\u00edtica de Cookies - GRHomes","isPartOf":{"@id":"https:\/\/grhomes.es\/#website"},"datePublished":"2024-07-18T09:20:53+00:00","dateModified":"2024-07-18T09:35:40+00:00","breadcrumb":{"@id":"https:\/\/grhomes.es\/politica-de-cookies\/#breadcrumb"},"inLanguage":"ca","potentialAction":[{"@type":"ReadAction","target":["https:\/\/grhomes.es\/politica-de-cookies\/"]}]},{"@type":"BreadcrumbList","@id":"https:\/\/grhomes.es\/politica-de-cookies\/#breadcrumb","itemListElement":[{"@type":"ListItem","position":1,"name":"Inici","item":"https:\/\/grhomes.es\/"},{"@type":"ListItem","position":2,"name":"Pol\u00edtica de Cookies"}]},{"@type":"WebSite","@id":"https:\/\/grhomes.es\/#website","url":"https:\/\/grhomes.es\/","name":"GRHomes","description":"Habitatges per viure a la Costa Daurada","publisher":{"@id":"https:\/\/grhomes.es\/#organization"},"potentialAction":[{"@type":"SearchAction","target":{"@type":"EntryPoint","urlTemplate":"https:\/\/grhomes.es\/?s={search_term_string}"},"query-input":{"@type":"PropertyValueSpecification","valueRequired":true,"valueName":"search_term_string"}}],"inLanguage":"ca"},{"@type":"Organization","@id":"https:\/\/grhomes.es\/#organization","name":"GR HOMES","alternateName":"Viviendas para vivir en la Costa Daurada","url":"https:\/\/grhomes.es\/","logo":{"@type":"ImageObject","inLanguage":"ca","@id":"https:\/\/grhomes.es\/#\/schema\/logo\/image\/","url":"https:\/\/grhomes.es\/wp-content\/uploads\/2026\/04\/logo_grhomes_vertical_1.svg","contentUrl":"https:\/\/grhomes.es\/wp-content\/uploads\/2026\/04\/logo_grhomes_vertical_1.svg","caption":"GR HOMES"},"image":{"@id":"https:\/\/grhomes.es\/#\/schema\/logo\/image\/"}}]}},"_links":{"self":[{"href":"https:\/\/grhomes.es\/ca\/wp-json\/wp\/v2\/pages\/23343","targetHints":{"allow":["GET"]}}],"collection":[{"href":"https:\/\/grhomes.es\/ca\/wp-json\/wp\/v2\/pages"}],"about":[{"href":"https:\/\/grhomes.es\/ca\/wp-json\/wp\/v2\/types\/page"}],"author":[{"embeddable":true,"href":"https:\/\/grhomes.es\/ca\/wp-json\/wp\/v2\/users\/1"}],"replies":[{"embeddable":true,"href":"https:\/\/grhomes.es\/ca\/wp-json\/wp\/v2\/comments?post=23343"}],"version-history":[{"count":0,"href":"https:\/\/grhomes.es\/ca\/wp-json\/wp\/v2\/pages\/23343\/revisions"}],"wp:attachment":[{"href":"https:\/\/grhomes.es\/ca\/wp-json\/wp\/v2\/media?parent=23343"}],"curies":[{"name":"wp","href":"https:\/\/api.w.org\/{rel}","templated":true}]}}