{"id":23343,"date":"2024-07-18T11:20:53","date_gmt":"2024-07-18T09:20:53","guid":{"rendered":"https:\/\/grhomes.es\/?page_id=23343"},"modified":"2024-07-18T11:35:40","modified_gmt":"2024-07-18T09:35:40","slug":"politica-de-cookies","status":"publish","type":"page","link":"http:\/\/grhomes.es\/fr\/politica-de-cookies\/","title":{"rendered":"Politique relative aux cookies"},"content":{"rendered":"<div data-elementor-type=\"wp-page\" data-elementor-id=\"23343\" class=\"elementor elementor-23343\">\n\t\t\t\t\t\t<section class=\"elementor-section elementor-top-section elementor-element elementor-element-2b1184b0 elementor-section-boxed elementor-section-height-default elementor-section-height-default sc_fly_static\" data-id=\"2b1184b0\" data-element_type=\"section\" data-settings=\"{&quot;background_background&quot;:&quot;classic&quot;}\">\n\t\t\t\t\t\t<div class=\"elementor-container elementor-column-gap-extended\">\n\t\t\t\t\t<div class=\"elementor-column elementor-col-100 elementor-top-column elementor-element elementor-element-153e1c19 sc_content_align_inherit sc_layouts_column_icons_position_left sc_fly_static\" data-id=\"153e1c19\" data-element_type=\"column\">\n\t\t\t<div class=\"elementor-widget-wrap elementor-element-populated\">\n\t\t\t\t\t\t<div class=\"elementor-element elementor-element-54db29de sc_fly_static elementor-widget elementor-widget-text-editor\" data-id=\"54db29de\" data-element_type=\"widget\" data-widget_type=\"text-editor.default\">\n\t\t\t\t<div class=\"elementor-widget-container\">\n\t\t\t\t\t\t\t\t\t<h3>Politique de cookies de grhomes.es<\/h3><p>Dans <a href=\"https:\/\/grhomes.es\/fr\/\">grhomes.es<\/a> Nous utilisons des cookies pour vous offrir un meilleur service et une meilleure exp\u00e9rience de navigation. Nous souhaitons vous informer clairement et pr\u00e9cis\u00e9ment sur les cookies que nous utilisons. Nous d\u00e9taillons ci-dessous ce qu&#039;est un cookie, son utilit\u00e9, les types de cookies que nous utilisons, leur finalit\u00e9 et comment vous pouvez les configurer ou les d\u00e9sactiver si vous le souhaitez.<\/p><h5>Qu&#039;est-ce qu&#039;un cookie et \u00e0 quoi sert-il ?<\/h5><p>Un \u00ab\u00a0cookie\u00a0\u00bb est un petit fichier stock\u00e9 sur l&#039;ordinateur, la tablette, le smartphone ou tout autre appareil d&#039;un utilisateur et contenant des informations sur ses habitudes de navigation. La collecte de cookies aupr\u00e8s de tous nos utilisateurs nous aide \u00e0 am\u00e9liorer la qualit\u00e9 de notre site web en nous permettant d&#039;identifier les pages utiles, celles qui ne le sont pas et celles qui pourraient \u00eatre am\u00e9lior\u00e9es. Les cookies sont essentiels au fonctionnement d&#039;Internet, offrant de nombreux avantages pour la fourniture de services interactifs et facilitant la navigation et l&#039;utilisation de notre site web. En aucun cas, les cookies ne peuvent endommager votre ordinateur. Au contraire, leur activation nous aide \u00e0 identifier et \u00e0 r\u00e9soudre les erreurs.<\/p><h5>Quels types de cookies utilisons-nous ?<\/h5><h6><strong>Selon l&#039;entit\u00e9 qui le g\u00e8re :<\/strong><\/h6><p>\u2022 <strong>Cookies propres<\/strong>:Ce sont ceux qui sont envoy\u00e9s \u00e0 votre ordinateur depuis nos propres ordinateurs ou domaines et \u00e0 partir desquels nous fournissons le service que vous demandez.<\/p><p>\u2022 <strong>Cookies tiers<\/strong>Cookies\u00a0: Il s&#039;agit de cookies envoy\u00e9s \u00e0 votre ordinateur depuis un ordinateur ou un domaine non g\u00e9r\u00e9 par nous, mais par un autre partenaire. Il s&#039;agit par exemple de ceux utilis\u00e9s par les r\u00e9seaux sociaux ou de contenus externes comme Google Maps.<\/p><h6><strong>En fonction de la dur\u00e9e pendant laquelle ils restent activ\u00e9s :<\/strong><\/h6><p>\u2022 <strong>Cookies de session<\/strong>Il s&#039;agit de cookies temporaires qui restent dans le fichier cookie de votre navigateur jusqu&#039;\u00e0 ce que vous quittiez le site web. Par cons\u00e9quent, aucun d&#039;entre eux n&#039;est enregistr\u00e9 sur le disque dur de votre ordinateur. Les informations obtenues gr\u00e2ce \u00e0 ces cookies sont utilis\u00e9es pour analyser les tendances de trafic du site web. Cela nous permet ainsi d&#039;offrir une meilleure exp\u00e9rience, d&#039;am\u00e9liorer le contenu et de simplifier son utilisation.<\/p><p>\u2022<strong> Cookies persistants<\/strong>Ces cookies sont stock\u00e9s sur votre disque dur et lus par notre site web \u00e0 chaque visite. Un site web persistant a une date d&#039;expiration sp\u00e9cifique. Pass\u00e9 ce d\u00e9lai, le cookie cesse de fonctionner. Nous utilisons g\u00e9n\u00e9ralement ces cookies pour faciliter les achats et les inscriptions.<\/p><h6><strong>Selon le but :<\/strong><\/h6><p>\u2022 <strong>Cookies techniques<\/strong>Ces cookies sont n\u00e9cessaires \u00e0 la navigation et au bon fonctionnement du site web. Ils permettent, par exemple, de surveiller le trafic et la communication de donn\u00e9es, d&#039;acc\u00e9der aux zones restreintes, de traiter des commandes, d&#039;utiliser les fonctionnalit\u00e9s de s\u00e9curit\u00e9, de stocker du contenu pour diffuser des vid\u00e9os ou de partager du contenu sur les r\u00e9seaux sociaux.<\/p><p>\u2022 <strong>Cookies de personnalisation<\/strong>:Ce sont des cookies qui vous permettent d&#039;acc\u00e9der au service avec des caract\u00e9ristiques pr\u00e9d\u00e9finies en fonction d&#039;une s\u00e9rie de crit\u00e8res, tels que la langue, le type de navigateur que vous utilisez pour acc\u00e9der au service, les param\u00e8tres r\u00e9gionaux \u00e0 partir desquels vous acc\u00e9dez au service, etc.<\/p><p>\u2022 <strong>Cookies analytiques<\/strong>Ces cookies nous permettent de quantifier le nombre d&#039;utilisateurs et ainsi de mesurer et d&#039;analyser les statistiques d&#039;utilisation des services fournis. Nous analysons ainsi votre navigation sur notre site web afin d&#039;am\u00e9liorer nos produits et services.<\/p><p>\u2022 <strong>Cookies publicitaires<\/strong>Ces cookies permettent une gestion optimale des espaces publicitaires de notre site web. \u2013 Cookies de publicit\u00e9 comportementale\u00a0: ils stockent des informations sur le comportement des utilisateurs obtenues gr\u00e2ce \u00e0 une observation continue. Gr\u00e2ce \u00e0 eux, nous pouvons conna\u00eetre vos habitudes de navigation sur Internet et vous proposer des publicit\u00e9s adapt\u00e9es \u00e0 votre profil.<\/p><h5>Comment pouvez-vous configurer ou d\u00e9sactiver les cookies ?<\/h5><p>Vous pouvez autoriser, bloquer ou supprimer les cookies install\u00e9s sur votre ordinateur en configurant les options de votre navigateur. Si vous n&#039;autorisez pas l&#039;installation de cookies dans votre navigateur, vous risquez de ne pas pouvoir acc\u00e9der \u00e0 certains de nos services et votre exp\u00e9rience sur notre site web pourrait \u00eatre moins satisfaisante.<\/p><p>Les liens suivants fournissent toutes les informations dont vous avez besoin pour configurer ou d\u00e9sactiver les cookies dans chaque navigateur :<\/p><ul><li><a href=\"http:\/\/support.google.com\/chrome\/answer\/95647?hl=es\">Google Chrome<\/a><\/li><li><a href=\"http:\/\/support.mozilla.org\/es\/kb\/habilitar-y-deshabilitar-cookies-que-los-sitios-we\">Mozilla Firefox<\/a><\/li><li><a href=\"http:\/\/windows.microsoft.com\/es-es\/windows-vista\/block-or-allow-cookies\">Internet Explorer<\/a><\/li><li><a href=\"http:\/\/support.apple.com\/kb\/ph5042?viewlocale=es_es\">Safari<\/a><\/li><li><a href=\"http:\/\/support.apple.com\/kb\/ht1677?viewlocale=es_es\">Safari pour iOS<\/a> (iPhone et iPad)<\/li><li><a href=\"http:\/\/support.google.com\/chrome\/answer\/2392971?hl=es\">Chrome pour Android<\/a><\/li><\/ul><h5>Consentement<\/h5><p>Dans <a href=\"https:\/\/grhomes.es\/fr\/\">grhomes.es<\/a> Nous ne stockons jamais les donn\u00e9es personnelles de nos utilisateurs, \u00e0 l&#039;exception de l&#039;adresse IP telle que d\u00e9crite ci-dessus, \u00e0 l&#039;exception de celles fournies au moment de l&#039;inscription et aux fins \u00e9nonc\u00e9es dans les mentions l\u00e9gales et la politique de confidentialit\u00e9.<\/p><p>En naviguant et en continuant sur notre site Web, vous indiquez que vous consentez \u00e0 l&#039;utilisation des cookies susmentionn\u00e9s et aux conditions contenues dans la pr\u00e9sente politique de cookies.<\/p>\t\t\t\t\t\t\t\t<\/div>\n\t\t\t\t<\/div>\n\t\t\t\t\t<\/div>\n\t\t<\/div>\n\t\t\t\t\t<\/div>\n\t\t<\/section>\n\t\t\t\t<\/div>","protected":false},"excerpt":{"rendered":"<p>Pol\u00edtica de cookies de grhomes.es En grhomes.es utilizamos cookies con el objetivo de prestar un mejor servicio y proporcionarle una mejor experiencia en su navegaci\u00f3n. Queremos informarle de manera clara&hellip;<\/p>","protected":false},"author":1,"featured_media":0,"parent":0,"menu_order":0,"comment_status":"closed","ping_status":"closed","template":"","meta":{"inline_featured_image":false,"footnotes":""},"class_list":["post-23343","page","type-page","status-publish","hentry"],"yoast_head":"<!-- This site is optimized with the Yoast SEO plugin v26.8 - https:\/\/yoast.com\/product\/yoast-seo-wordpress\/ -->\n<title>Pol\u00edtica de Cookies - GRHomes<\/title>\n<meta name=\"robots\" content=\"index, follow, max-snippet:-1, max-image-preview:large, max-video-preview:-1\" \/>\n<link rel=\"canonical\" href=\"https:\/\/grhomes.es\/fr\/politica-de-cookies\/\" \/>\n<meta property=\"og:locale\" content=\"fr_FR\" \/>\n<meta property=\"og:type\" content=\"article\" \/>\n<meta property=\"og:title\" content=\"Pol\u00edtica de Cookies - GRHomes\" \/>\n<meta property=\"og:description\" content=\"Pol\u00edtica de cookies de grhomes.es En grhomes.es utilizamos cookies con el objetivo de prestar un mejor servicio y proporcionarle una mejor experiencia en su navegaci\u00f3n. Queremos informarle de manera clara&hellip;\" \/>\n<meta property=\"og:url\" content=\"https:\/\/grhomes.es\/fr\/politica-de-cookies\/\" \/>\n<meta property=\"og:site_name\" content=\"GRHomes\" \/>\n<meta property=\"article:modified_time\" content=\"2024-07-18T09:35:40+00:00\" \/>\n<meta name=\"twitter:card\" content=\"summary_large_image\" \/>\n<meta name=\"twitter:label1\" content=\"Dur\u00e9e de lecture estim\u00e9e\" \/>\n\t<meta name=\"twitter:data1\" content=\"5 minutes\" \/>\n<script type=\"application\/ld+json\" class=\"yoast-schema-graph\">{\"@context\":\"https:\/\/schema.org\",\"@graph\":[{\"@type\":\"WebPage\",\"@id\":\"https:\/\/grhomes.es\/politica-de-cookies\/\",\"url\":\"https:\/\/grhomes.es\/politica-de-cookies\/\",\"name\":\"Pol\u00edtica de Cookies - GRHomes\",\"isPartOf\":{\"@id\":\"https:\/\/grhomes.es\/#website\"},\"datePublished\":\"2024-07-18T09:20:53+00:00\",\"dateModified\":\"2024-07-18T09:35:40+00:00\",\"breadcrumb\":{\"@id\":\"https:\/\/grhomes.es\/politica-de-cookies\/#breadcrumb\"},\"inLanguage\":\"fr-FR\",\"potentialAction\":[{\"@type\":\"ReadAction\",\"target\":[\"https:\/\/grhomes.es\/politica-de-cookies\/\"]}]},{\"@type\":\"BreadcrumbList\",\"@id\":\"https:\/\/grhomes.es\/politica-de-cookies\/#breadcrumb\",\"itemListElement\":[{\"@type\":\"ListItem\",\"position\":1,\"name\":\"Inici\",\"item\":\"https:\/\/grhomes.es\/\"},{\"@type\":\"ListItem\",\"position\":2,\"name\":\"Pol\u00edtica de Cookies\"}]},{\"@type\":\"WebSite\",\"@id\":\"https:\/\/grhomes.es\/#website\",\"url\":\"https:\/\/grhomes.es\/\",\"name\":\"GRHomes\",\"description\":\"Viviendas para vivir en la Costa Daurada\",\"publisher\":{\"@id\":\"https:\/\/grhomes.es\/#organization\"},\"potentialAction\":[{\"@type\":\"SearchAction\",\"target\":{\"@type\":\"EntryPoint\",\"urlTemplate\":\"https:\/\/grhomes.es\/?s={search_term_string}\"},\"query-input\":{\"@type\":\"PropertyValueSpecification\",\"valueRequired\":true,\"valueName\":\"search_term_string\"}}],\"inLanguage\":\"fr-FR\"},{\"@type\":\"Organization\",\"@id\":\"https:\/\/grhomes.es\/#organization\",\"name\":\"GR HOMES\",\"alternateName\":\"Viviendas para vivir en la Costa Daurada\",\"url\":\"https:\/\/grhomes.es\/\",\"logo\":{\"@type\":\"ImageObject\",\"inLanguage\":\"fr-FR\",\"@id\":\"https:\/\/grhomes.es\/#\/schema\/logo\/image\/\",\"url\":\"https:\/\/grhomes.es\/wp-content\/uploads\/2026\/04\/logo_grhomes_vertical_1.svg\",\"contentUrl\":\"https:\/\/grhomes.es\/wp-content\/uploads\/2026\/04\/logo_grhomes_vertical_1.svg\",\"caption\":\"GR HOMES\"},\"image\":{\"@id\":\"https:\/\/grhomes.es\/#\/schema\/logo\/image\/\"}}]}<\/script>\n<!-- \/ Yoast SEO plugin. -->","yoast_head_json":{"title":"Pol\u00edtica de Cookies - GRHomes","robots":{"index":"index","follow":"follow","max-snippet":"max-snippet:-1","max-image-preview":"max-image-preview:large","max-video-preview":"max-video-preview:-1"},"canonical":"https:\/\/grhomes.es\/fr\/politica-de-cookies\/","og_locale":"fr_FR","og_type":"article","og_title":"Pol\u00edtica de Cookies - GRHomes","og_description":"Pol\u00edtica de cookies de grhomes.es En grhomes.es utilizamos cookies con el objetivo de prestar un mejor servicio y proporcionarle una mejor experiencia en su navegaci\u00f3n. Queremos informarle de manera clara&hellip;","og_url":"https:\/\/grhomes.es\/fr\/politica-de-cookies\/","og_site_name":"GRHomes","article_modified_time":"2024-07-18T09:35:40+00:00","twitter_card":"summary_large_image","twitter_misc":{"Dur\u00e9e de lecture estim\u00e9e":"5 minutes"},"schema":{"@context":"https:\/\/schema.org","@graph":[{"@type":"WebPage","@id":"https:\/\/grhomes.es\/politica-de-cookies\/","url":"https:\/\/grhomes.es\/politica-de-cookies\/","name":"Pol\u00edtica de Cookies - GRHomes","isPartOf":{"@id":"https:\/\/grhomes.es\/#website"},"datePublished":"2024-07-18T09:20:53+00:00","dateModified":"2024-07-18T09:35:40+00:00","breadcrumb":{"@id":"https:\/\/grhomes.es\/politica-de-cookies\/#breadcrumb"},"inLanguage":"fr-FR","potentialAction":[{"@type":"ReadAction","target":["https:\/\/grhomes.es\/politica-de-cookies\/"]}]},{"@type":"BreadcrumbList","@id":"https:\/\/grhomes.es\/politica-de-cookies\/#breadcrumb","itemListElement":[{"@type":"ListItem","position":1,"name":"Inici","item":"https:\/\/grhomes.es\/"},{"@type":"ListItem","position":2,"name":"Pol\u00edtica de Cookies"}]},{"@type":"WebSite","@id":"https:\/\/grhomes.es\/#website","url":"https:\/\/grhomes.es\/","name":"GRHomes","description":"Maisons o\u00f9 vivre sur la Costa Daurada","publisher":{"@id":"https:\/\/grhomes.es\/#organization"},"potentialAction":[{"@type":"SearchAction","target":{"@type":"EntryPoint","urlTemplate":"https:\/\/grhomes.es\/?s={search_term_string}"},"query-input":{"@type":"PropertyValueSpecification","valueRequired":true,"valueName":"search_term_string"}}],"inLanguage":"fr-FR"},{"@type":"Organization","@id":"https:\/\/grhomes.es\/#organization","name":"GR HOMES","alternateName":"Viviendas para vivir en la Costa Daurada","url":"https:\/\/grhomes.es\/","logo":{"@type":"ImageObject","inLanguage":"fr-FR","@id":"https:\/\/grhomes.es\/#\/schema\/logo\/image\/","url":"https:\/\/grhomes.es\/wp-content\/uploads\/2026\/04\/logo_grhomes_vertical_1.svg","contentUrl":"https:\/\/grhomes.es\/wp-content\/uploads\/2026\/04\/logo_grhomes_vertical_1.svg","caption":"GR HOMES"},"image":{"@id":"https:\/\/grhomes.es\/#\/schema\/logo\/image\/"}}]}},"_links":{"self":[{"href":"http:\/\/grhomes.es\/fr\/wp-json\/wp\/v2\/pages\/23343","targetHints":{"allow":["GET"]}}],"collection":[{"href":"http:\/\/grhomes.es\/fr\/wp-json\/wp\/v2\/pages"}],"about":[{"href":"http:\/\/grhomes.es\/fr\/wp-json\/wp\/v2\/types\/page"}],"author":[{"embeddable":true,"href":"http:\/\/grhomes.es\/fr\/wp-json\/wp\/v2\/users\/1"}],"replies":[{"embeddable":true,"href":"http:\/\/grhomes.es\/fr\/wp-json\/wp\/v2\/comments?post=23343"}],"version-history":[{"count":0,"href":"http:\/\/grhomes.es\/fr\/wp-json\/wp\/v2\/pages\/23343\/revisions"}],"wp:attachment":[{"href":"http:\/\/grhomes.es\/fr\/wp-json\/wp\/v2\/media?parent=23343"}],"curies":[{"name":"wp","href":"https:\/\/api.w.org\/{rel}","templated":true}]}}