{"id":25881,"date":"2026-04-02T08:54:42","date_gmt":"2026-04-02T06:54:42","guid":{"rendered":"https:\/\/grhomes.es\/?page_id=25881"},"modified":"2026-04-10T18:36:52","modified_gmt":"2026-04-10T16:36:52","slug":"estado-del-proyecto-iconic-ii-salou","status":"publish","type":"page","link":"http:\/\/grhomes.es\/en\/estado-del-proyecto-iconic-ii-salou\/","title":{"rendered":"Project status \u2013 ICONIC II SALOU"},"content":{"rendered":"<div data-elementor-type=\"wp-page\" data-elementor-id=\"25881\" class=\"elementor elementor-25881\">\n\t\t\t\t\t\t<section class=\"elementor-section elementor-top-section elementor-element elementor-element-c3bdb49 elementor-section-boxed elementor-section-height-default elementor-section-height-default sc_fly_static\" data-id=\"c3bdb49\" data-element_type=\"section\">\n\t\t\t\t\t\t<div class=\"elementor-container elementor-column-gap-extended\">\n\t\t\t\t\t<div class=\"elementor-column elementor-col-100 elementor-top-column elementor-element elementor-element-394da2c sc_content_align_inherit sc_layouts_column_icons_position_left sc_fly_static\" data-id=\"394da2c\" data-element_type=\"column\">\n\t\t\t<div class=\"elementor-widget-wrap elementor-element-populated\">\n\t\t\t\t\t\t<div class=\"elementor-element elementor-element-85e2f34 title_style_h1 sc_fly_static elementor-widget elementor-widget-trx_sc_title\" data-id=\"85e2f34\" data-element_type=\"widget\" data-widget_type=\"trx_sc_title.default\">\n\t\t\t\t<div class=\"elementor-widget-container\">\n\t\t\t\t\t<div\t\tclass=\"sc_title color_style_dark sc_title_default\" ><h2 class=\"sc_item_title sc_title_title sc_item_title_style_default sc_item_title_tag\"\n\t\t\t><span class=\"sc_item_title_text\">A LOCATION TO LIVE IN SALOU ALL YEAR ROUND<\/span><\/h2><\/div>\t\t\t\t<\/div>\n\t\t\t\t<\/div>\n\t\t\t\t<div class=\"elementor-element elementor-element-974f665 sc_fly_static elementor-widget elementor-widget-text-editor\" data-id=\"974f665\" data-element_type=\"widget\" data-widget_type=\"text-editor.default\">\n\t\t\t\t<div class=\"elementor-widget-container\">\n\t\t\t\t\t\t\t\t\t<p><span style=\"color: #d2451d;\"><strong>ICONIC II<\/strong> <\/span>It is located in a strategic area of Salou, ideal both as a primary residence and for those who want a second home near the sea.<\/p><p>Its location allows you to enjoy proximity to the beach, the town center, and all the services you need for daily life: shops, supermarkets, schools, sports facilities, and healthcare services. All this in a well-established, comfortable, and easily accessible neighborhood.<\/p>\t\t\t\t\t\t\t\t<\/div>\n\t\t\t\t<\/div>\n\t\t\t\t\t<\/div>\n\t\t<\/div>\n\t\t\t\t\t<\/div>\n\t\t<\/section>\n\t\t\t\t<section class=\"elementor-section elementor-top-section elementor-element elementor-element-18b9952 elementor-section-boxed elementor-section-height-default elementor-section-height-default sc_fly_static\" data-id=\"18b9952\" data-element_type=\"section\">\n\t\t\t\t\t\t<div class=\"elementor-container elementor-column-gap-extended\">\n\t\t\t\t\t<div class=\"elementor-column elementor-col-100 elementor-top-column elementor-element elementor-element-f583e22 sc_content_align_inherit sc_layouts_column_icons_position_left sc_fly_static\" data-id=\"f583e22\" data-element_type=\"column\">\n\t\t\t<div class=\"elementor-widget-wrap elementor-element-populated\">\n\t\t\t\t\t\t<div class=\"elementor-element elementor-element-4bc13fd sc_fly_static elementor-widget elementor-widget-spacer\" data-id=\"4bc13fd\" data-element_type=\"widget\" data-widget_type=\"spacer.default\">\n\t\t\t\t<div class=\"elementor-widget-container\">\n\t\t\t\t\t\t\t<div class=\"elementor-spacer\">\n\t\t\t<div class=\"elementor-spacer-inner\"><\/div>\n\t\t<\/div>\n\t\t\t\t\t\t<\/div>\n\t\t\t\t<\/div>\n\t\t\t\t<div class=\"elementor-element elementor-element-5d00f16 title_style_h1 sc_fly_static elementor-widget elementor-widget-trx_sc_title\" data-id=\"5d00f16\" data-element_type=\"widget\" data-widget_type=\"trx_sc_title.default\">\n\t\t\t\t<div class=\"elementor-widget-container\">\n\t\t\t\t\t<div\t\tclass=\"sc_title color_style_dark sc_title_default\" ><h2 class=\"sc_item_title sc_title_title sc_item_title_style_default sc_item_title_tag\"\n\t\t\t><span class=\"sc_item_title_text\">EVOLUTION OF THE WORK<\/span><\/h2><\/div>\t\t\t\t<\/div>\n\t\t\t\t<\/div>\n\t\t\t\t\t<\/div>\n\t\t<\/div>\n\t\t\t\t\t<\/div>\n\t\t<\/section>\n\t\t\t\t<section class=\"elementor-section elementor-top-section elementor-element elementor-element-d633316 elementor-section-boxed elementor-section-height-default elementor-section-height-default sc_fly_static\" data-id=\"d633316\" data-element_type=\"section\">\n\t\t\t\t\t\t<div class=\"elementor-container elementor-column-gap-extended\">\n\t\t\t\t\t<div class=\"elementor-column elementor-col-100 elementor-top-column elementor-element elementor-element-8acc1be sc_content_align_inherit sc_layouts_column_icons_position_left sc_fly_static\" data-id=\"8acc1be\" data-element_type=\"column\">\n\t\t\t<div class=\"elementor-widget-wrap elementor-element-populated\">\n\t\t\t\t\t\t<div class=\"elementor-element elementor-element-fa237f3 sc_fly_static elementor-widget elementor-widget-eael-progress-bar\" data-id=\"fa237f3\" data-element_type=\"widget\" data-widget_type=\"eael-progress-bar.default\">\n\t\t\t\t<div class=\"elementor-widget-container\">\n\t\t\t\t\t<div class=\"eael-progressbar-line-container center\">\n                <div class=\"eael-progressbar-title\">construction<\/div>\n\n                <div class=\"eael-progressbar eael-progressbar-line\" data-layout=\"line\" data-count=\"1\" data-duration=\"1500\">\n                    <span class=\"eael-progressbar-count-wrap\"><span class=\"eael-progressbar-count\">0<\/span><span class=\"postfix\">%<\/span><\/span>\n                    <span class=\"eael-progressbar-line-fill eael-has-inner-title\" style=\"-webkit-transition-duration:1500ms;-o-transition-duration:1500ms;transition-duration:1500ms;\">In progress<\/span>\n                <\/div>\n            <\/div>\t\t\t\t<\/div>\n\t\t\t\t<\/div>\n\t\t\t\t\t<\/div>\n\t\t<\/div>\n\t\t\t\t\t<\/div>\n\t\t<\/section>\n\t\t\t\t<section class=\"elementor-section elementor-top-section elementor-element elementor-element-c0f140c elementor-section-boxed elementor-section-height-default elementor-section-height-default sc_fly_static\" data-id=\"c0f140c\" data-element_type=\"section\">\n\t\t\t\t\t\t<div class=\"elementor-container elementor-column-gap-extended\">\n\t\t\t\t\t<div class=\"elementor-column elementor-col-25 elementor-top-column elementor-element elementor-element-eb0edfd sc_content_align_inherit sc_layouts_column_icons_position_left sc_fly_static\" data-id=\"eb0edfd\" data-element_type=\"column\">\n\t\t\t<div class=\"elementor-widget-wrap elementor-element-populated\">\n\t\t\t\t\t\t<div class=\"elementor-element elementor-element-89ab05d title_style_h4 sc_fly_static elementor-widget elementor-widget-trx_sc_title\" data-id=\"89ab05d\" data-element_type=\"widget\" data-widget_type=\"trx_sc_title.default\">\n\t\t\t\t<div class=\"elementor-widget-container\">\n\t\t\t\t\t<div\t\tclass=\"sc_title color_style_dark sc_title_default\" ><h2 class=\"sc_item_title sc_title_title sc_align_center sc_item_title_style_default sc_item_title_tag\"\n\t\t\t><span class=\"sc_item_title_text\">START OF MARKETING<\/span><\/h2><\/div>\t\t\t\t<\/div>\n\t\t\t\t<\/div>\n\t\t\t\t<div class=\"elementor-element elementor-element-c622be1 title_style_h2 sc_fly_static elementor-widget elementor-widget-trx_sc_title\" data-id=\"c622be1\" data-element_type=\"widget\" data-widget_type=\"trx_sc_title.default\">\n\t\t\t\t<div class=\"elementor-widget-container\">\n\t\t\t\t\t<div\t\tclass=\"sc_title color_style_dark sc_title_default\" ><h2 class=\"sc_item_title sc_title_title sc_align_center sc_item_title_style_default sc_item_title_tag trx_addons_inline_976286629\"\n\t\t\t><span class=\"sc_item_title_text\">APRIL 2026<\/span><\/h2><\/div>\t\t\t\t<\/div>\n\t\t\t\t<\/div>\n\t\t\t\t\t<\/div>\n\t\t<\/div>\n\t\t\t\t<div class=\"elementor-column elementor-col-25 elementor-top-column elementor-element elementor-element-7490815 sc_content_align_inherit sc_layouts_column_icons_position_left sc_fly_static\" data-id=\"7490815\" data-element_type=\"column\">\n\t\t\t<div class=\"elementor-widget-wrap elementor-element-populated\">\n\t\t\t\t\t\t<div class=\"elementor-element elementor-element-86f61ee title_style_h4 sc_fly_static elementor-widget elementor-widget-trx_sc_title\" data-id=\"86f61ee\" data-element_type=\"widget\" data-widget_type=\"trx_sc_title.default\">\n\t\t\t\t<div class=\"elementor-widget-container\">\n\t\t\t\t\t<div\t\tclass=\"sc_title color_style_dark sc_title_default\" ><h2 class=\"sc_item_title sc_title_title sc_align_center sc_item_title_style_default sc_item_title_tag\"\n\t\t\t><span class=\"sc_item_title_text\">OBTAINING A LICENSE<\/span><\/h2><\/div>\t\t\t\t<\/div>\n\t\t\t\t<\/div>\n\t\t\t\t<div class=\"elementor-element elementor-element-da7f5dd title_style_h2 sc_fly_static elementor-widget elementor-widget-trx_sc_title\" data-id=\"da7f5dd\" data-element_type=\"widget\" data-widget_type=\"trx_sc_title.default\">\n\t\t\t\t<div class=\"elementor-widget-container\">\n\t\t\t\t\t<div\t\tclass=\"sc_title color_style_dark sc_title_default\" ><h2 class=\"sc_item_title sc_title_title sc_align_center sc_item_title_style_default sc_item_title_tag trx_addons_inline_2049742814\"\n\t\t\t><span class=\"sc_item_title_text\">October 2026<\/span><\/h2><\/div>\t\t\t\t<\/div>\n\t\t\t\t<\/div>\n\t\t\t\t\t<\/div>\n\t\t<\/div>\n\t\t\t\t<div class=\"elementor-column elementor-col-25 elementor-top-column elementor-element elementor-element-ffddc6e sc_content_align_inherit sc_layouts_column_icons_position_left sc_fly_static\" data-id=\"ffddc6e\" data-element_type=\"column\">\n\t\t\t<div class=\"elementor-widget-wrap elementor-element-populated\">\n\t\t\t\t\t\t<div class=\"elementor-element elementor-element-15096fa title_style_h4 sc_fly_static elementor-widget elementor-widget-trx_sc_title\" data-id=\"15096fa\" data-element_type=\"widget\" data-widget_type=\"trx_sc_title.default\">\n\t\t\t\t<div class=\"elementor-widget-container\">\n\t\t\t\t\t<div\t\tclass=\"sc_title color_style_dark sc_title_default\" ><h2 class=\"sc_item_title sc_title_title sc_align_center sc_item_title_style_default sc_item_title_tag\"\n\t\t\t><span class=\"sc_item_title_text\">START CONSTRUCTION<\/span><\/h2><\/div>\t\t\t\t<\/div>\n\t\t\t\t<\/div>\n\t\t\t\t<div class=\"elementor-element elementor-element-d5686a5 title_style_h2 sc_fly_static elementor-widget elementor-widget-trx_sc_title\" data-id=\"d5686a5\" data-element_type=\"widget\" data-widget_type=\"trx_sc_title.default\">\n\t\t\t\t<div class=\"elementor-widget-container\">\n\t\t\t\t\t<div\t\tclass=\"sc_title color_style_dark sc_title_default\" ><h2 class=\"sc_item_title sc_title_title sc_align_center sc_item_title_style_default sc_item_title_tag trx_addons_inline_444914455\"\n\t\t\t><span class=\"sc_item_title_text\">OCTOBER 2026<\/span><\/h2><\/div>\t\t\t\t<\/div>\n\t\t\t\t<\/div>\n\t\t\t\t\t<\/div>\n\t\t<\/div>\n\t\t\t\t<div class=\"elementor-column elementor-col-25 elementor-top-column elementor-element elementor-element-c1502bd sc_content_align_inherit sc_layouts_column_icons_position_left sc_fly_static\" data-id=\"c1502bd\" data-element_type=\"column\">\n\t\t\t<div class=\"elementor-widget-wrap elementor-element-populated\">\n\t\t\t\t\t\t<div class=\"elementor-element elementor-element-fae951e title_style_h4 sc_fly_static elementor-widget elementor-widget-trx_sc_title\" data-id=\"fae951e\" data-element_type=\"widget\" data-widget_type=\"trx_sc_title.default\">\n\t\t\t\t<div class=\"elementor-widget-container\">\n\t\t\t\t\t<div\t\tclass=\"sc_title color_style_dark sc_title_default\" ><h2 class=\"sc_item_title sc_title_title sc_align_center sc_item_title_style_default sc_item_title_tag\"\n\t\t\t><span class=\"sc_item_title_text\">KEY HANDOVER<\/span><\/h2><\/div>\t\t\t\t<\/div>\n\t\t\t\t<\/div>\n\t\t\t\t<div class=\"elementor-element elementor-element-ebcb128 title_style_h2 sc_fly_static elementor-widget elementor-widget-trx_sc_title\" data-id=\"ebcb128\" data-element_type=\"widget\" data-widget_type=\"trx_sc_title.default\">\n\t\t\t\t<div class=\"elementor-widget-container\">\n\t\t\t\t\t<div\t\tclass=\"sc_title color_style_dark sc_title_default\" ><h2 class=\"sc_item_title sc_title_title sc_align_center sc_item_title_style_default sc_item_title_tag trx_addons_inline_1720370144\"\n\t\t\t><span class=\"sc_item_title_text\">APRIL 2028<\/span><\/h2><\/div>\t\t\t\t<\/div>\n\t\t\t\t<\/div>\n\t\t\t\t\t<\/div>\n\t\t<\/div>\n\t\t\t\t\t<\/div>\n\t\t<\/section>\n\t\t\t\t<section class=\"elementor-section elementor-top-section elementor-element elementor-element-fc42caa elementor-section-boxed elementor-section-height-default elementor-section-height-default sc_fly_static\" data-id=\"fc42caa\" data-element_type=\"section\">\n\t\t\t\t\t\t<div class=\"elementor-container elementor-column-gap-extended\">\n\t\t\t\t\t<div class=\"elementor-column elementor-col-100 elementor-top-column elementor-element elementor-element-ab9d3b5 sc_content_align_inherit sc_layouts_column_icons_position_left sc_fly_static\" data-id=\"ab9d3b5\" data-element_type=\"column\">\n\t\t\t<div class=\"elementor-widget-wrap elementor-element-populated\">\n\t\t\t\t\t\t<div class=\"elementor-element elementor-element-2639cd8 sc_fly_static elementor-widget elementor-widget-text-editor\" data-id=\"2639cd8\" data-element_type=\"widget\" data-widget_type=\"text-editor.default\">\n\t\t\t\t<div class=\"elementor-widget-container\">\n\t\t\t\t\t\t\t\t\t<p style=\"text-align: left;\">\u00a9 GRHomes by <a href=\"https:\/\/www.garciariera.es\/\" target=\"_blank\" rel=\"noopener\"><b>Garcia Riera<\/b><\/a><\/p>\t\t\t\t\t\t\t\t<\/div>\n\t\t\t\t<\/div>\n\t\t\t\t\t<\/div>\n\t\t<\/div>\n\t\t\t\t\t<\/div>\n\t\t<\/section>\n\t\t\t\t<\/div>","protected":false},"excerpt":{"rendered":"<p>UNA UBICACI\u00d3N PARA VIVIR SALOU TODO EL A\u00d1O ICONIC II se sit\u00faa en un entorno estrat\u00e9gico de Salou, ideal tanto como primera residencia como para quienes desean una segunda vivienda&hellip;<\/p>","protected":false},"author":1,"featured_media":0,"parent":0,"menu_order":0,"comment_status":"closed","ping_status":"closed","template":"","meta":{"inline_featured_image":false,"footnotes":""},"class_list":["post-25881","page","type-page","status-publish","hentry"],"yoast_head":"<!-- This site is optimized with the Yoast SEO plugin v26.8 - https:\/\/yoast.com\/product\/yoast-seo-wordpress\/ -->\n<title>Estado del proyecto - ICONIC II SALOU - GRHomes<\/title>\n<meta name=\"description\" content=\"GRHomes te ofrece on-line una p\u00e0gina para que consultes el estado del proyecto del edificio ICONIC II en Salou.\" \/>\n<meta name=\"robots\" content=\"index, follow, max-snippet:-1, max-image-preview:large, max-video-preview:-1\" \/>\n<link rel=\"canonical\" href=\"https:\/\/grhomes.es\/en\/estado-del-proyecto-iconic-ii-salou\/\" \/>\n<meta property=\"og:locale\" content=\"en_GB\" \/>\n<meta property=\"og:type\" content=\"article\" \/>\n<meta property=\"og:title\" content=\"Estado del proyecto - ICONIC II SALOU - GRHomes\" \/>\n<meta property=\"og:description\" content=\"GRHomes te ofrece on-line una p\u00e0gina para que consultes el estado del proyecto del edificio ICONIC II en Salou.\" \/>\n<meta property=\"og:url\" content=\"https:\/\/grhomes.es\/en\/estado-del-proyecto-iconic-ii-salou\/\" \/>\n<meta property=\"og:site_name\" content=\"GRHomes\" \/>\n<meta property=\"article:modified_time\" content=\"2026-04-10T16:36:52+00:00\" \/>\n<meta name=\"twitter:card\" content=\"summary_large_image\" \/>\n<meta name=\"twitter:label1\" content=\"Estimated reading time\" \/>\n\t<meta name=\"twitter:data1\" content=\"1 minute\" \/>\n<script type=\"application\/ld+json\" class=\"yoast-schema-graph\">{\"@context\":\"https:\/\/schema.org\",\"@graph\":[{\"@type\":\"WebPage\",\"@id\":\"https:\/\/grhomes.es\/estado-del-proyecto-iconic-ii-salou\/\",\"url\":\"https:\/\/grhomes.es\/estado-del-proyecto-iconic-ii-salou\/\",\"name\":\"Estado del proyecto - ICONIC II SALOU - GRHomes\",\"isPartOf\":{\"@id\":\"https:\/\/grhomes.es\/#website\"},\"datePublished\":\"2026-04-02T06:54:42+00:00\",\"dateModified\":\"2026-04-10T16:36:52+00:00\",\"description\":\"GRHomes te ofrece on-line una p\u00e0gina para que consultes el estado del proyecto del edificio ICONIC II en Salou.\",\"breadcrumb\":{\"@id\":\"https:\/\/grhomes.es\/estado-del-proyecto-iconic-ii-salou\/#breadcrumb\"},\"inLanguage\":\"en-GB\",\"potentialAction\":[{\"@type\":\"ReadAction\",\"target\":[\"https:\/\/grhomes.es\/estado-del-proyecto-iconic-ii-salou\/\"]}]},{\"@type\":\"BreadcrumbList\",\"@id\":\"https:\/\/grhomes.es\/estado-del-proyecto-iconic-ii-salou\/#breadcrumb\",\"itemListElement\":[{\"@type\":\"ListItem\",\"position\":1,\"name\":\"Inici\",\"item\":\"https:\/\/grhomes.es\/\"},{\"@type\":\"ListItem\",\"position\":2,\"name\":\"Estado del proyecto &#8211; ICONIC II SALOU\"}]},{\"@type\":\"WebSite\",\"@id\":\"https:\/\/grhomes.es\/#website\",\"url\":\"https:\/\/grhomes.es\/\",\"name\":\"GRHomes\",\"description\":\"Viviendas para vivir en la Costa Daurada\",\"publisher\":{\"@id\":\"https:\/\/grhomes.es\/#organization\"},\"potentialAction\":[{\"@type\":\"SearchAction\",\"target\":{\"@type\":\"EntryPoint\",\"urlTemplate\":\"https:\/\/grhomes.es\/?s={search_term_string}\"},\"query-input\":{\"@type\":\"PropertyValueSpecification\",\"valueRequired\":true,\"valueName\":\"search_term_string\"}}],\"inLanguage\":\"en-GB\"},{\"@type\":\"Organization\",\"@id\":\"https:\/\/grhomes.es\/#organization\",\"name\":\"GR HOMES\",\"alternateName\":\"Viviendas para vivir en la Costa Daurada\",\"url\":\"https:\/\/grhomes.es\/\",\"logo\":{\"@type\":\"ImageObject\",\"inLanguage\":\"en-GB\",\"@id\":\"https:\/\/grhomes.es\/#\/schema\/logo\/image\/\",\"url\":\"https:\/\/grhomes.es\/wp-content\/uploads\/2024\/07\/11745_logo_gr_homes_1.svg\",\"contentUrl\":\"https:\/\/grhomes.es\/wp-content\/uploads\/2024\/07\/11745_logo_gr_homes_1.svg\",\"caption\":\"GR HOMES\"},\"image\":{\"@id\":\"https:\/\/grhomes.es\/#\/schema\/logo\/image\/\"}}]}<\/script>\n<!-- \/ Yoast SEO plugin. -->","yoast_head_json":{"title":"Estado del proyecto - ICONIC II SALOU - GRHomes","description":"GRHomes te ofrece on-line una p\u00e0gina para que consultes el estado del proyecto del edificio ICONIC II en Salou.","robots":{"index":"index","follow":"follow","max-snippet":"max-snippet:-1","max-image-preview":"max-image-preview:large","max-video-preview":"max-video-preview:-1"},"canonical":"https:\/\/grhomes.es\/en\/estado-del-proyecto-iconic-ii-salou\/","og_locale":"en_GB","og_type":"article","og_title":"Estado del proyecto - ICONIC II SALOU - GRHomes","og_description":"GRHomes te ofrece on-line una p\u00e0gina para que consultes el estado del proyecto del edificio ICONIC II en Salou.","og_url":"https:\/\/grhomes.es\/en\/estado-del-proyecto-iconic-ii-salou\/","og_site_name":"GRHomes","article_modified_time":"2026-04-10T16:36:52+00:00","twitter_card":"summary_large_image","twitter_misc":{"Estimated reading time":"1 minute"},"schema":{"@context":"https:\/\/schema.org","@graph":[{"@type":"WebPage","@id":"https:\/\/grhomes.es\/estado-del-proyecto-iconic-ii-salou\/","url":"https:\/\/grhomes.es\/estado-del-proyecto-iconic-ii-salou\/","name":"Estado del proyecto - ICONIC II SALOU - GRHomes","isPartOf":{"@id":"https:\/\/grhomes.es\/#website"},"datePublished":"2026-04-02T06:54:42+00:00","dateModified":"2026-04-10T16:36:52+00:00","description":"GRHomes te ofrece on-line una p\u00e0gina para que consultes el estado del proyecto del edificio ICONIC II en Salou.","breadcrumb":{"@id":"https:\/\/grhomes.es\/estado-del-proyecto-iconic-ii-salou\/#breadcrumb"},"inLanguage":"en-GB","potentialAction":[{"@type":"ReadAction","target":["https:\/\/grhomes.es\/estado-del-proyecto-iconic-ii-salou\/"]}]},{"@type":"BreadcrumbList","@id":"https:\/\/grhomes.es\/estado-del-proyecto-iconic-ii-salou\/#breadcrumb","itemListElement":[{"@type":"ListItem","position":1,"name":"Inici","item":"https:\/\/grhomes.es\/"},{"@type":"ListItem","position":2,"name":"Estado del proyecto &#8211; ICONIC II SALOU"}]},{"@type":"WebSite","@id":"https:\/\/grhomes.es\/#website","url":"https:\/\/grhomes.es\/","name":"GRHomes","description":"Viviendas para vivir en la Costa Daurada","publisher":{"@id":"https:\/\/grhomes.es\/#organization"},"potentialAction":[{"@type":"SearchAction","target":{"@type":"EntryPoint","urlTemplate":"https:\/\/grhomes.es\/?s={search_term_string}"},"query-input":{"@type":"PropertyValueSpecification","valueRequired":true,"valueName":"search_term_string"}}],"inLanguage":"en-GB"},{"@type":"Organization","@id":"https:\/\/grhomes.es\/#organization","name":"GR HOMES","alternateName":"Viviendas para vivir en la Costa Daurada","url":"https:\/\/grhomes.es\/","logo":{"@type":"ImageObject","inLanguage":"en-GB","@id":"https:\/\/grhomes.es\/#\/schema\/logo\/image\/","url":"https:\/\/grhomes.es\/wp-content\/uploads\/2024\/07\/11745_logo_gr_homes_1.svg","contentUrl":"https:\/\/grhomes.es\/wp-content\/uploads\/2024\/07\/11745_logo_gr_homes_1.svg","caption":"GR HOMES"},"image":{"@id":"https:\/\/grhomes.es\/#\/schema\/logo\/image\/"}}]}},"_links":{"self":[{"href":"http:\/\/grhomes.es\/en\/wp-json\/wp\/v2\/pages\/25881","targetHints":{"allow":["GET"]}}],"collection":[{"href":"http:\/\/grhomes.es\/en\/wp-json\/wp\/v2\/pages"}],"about":[{"href":"http:\/\/grhomes.es\/en\/wp-json\/wp\/v2\/types\/page"}],"author":[{"embeddable":true,"href":"http:\/\/grhomes.es\/en\/wp-json\/wp\/v2\/users\/1"}],"replies":[{"embeddable":true,"href":"http:\/\/grhomes.es\/en\/wp-json\/wp\/v2\/comments?post=25881"}],"version-history":[{"count":16,"href":"http:\/\/grhomes.es\/en\/wp-json\/wp\/v2\/pages\/25881\/revisions"}],"predecessor-version":[{"id":26106,"href":"http:\/\/grhomes.es\/en\/wp-json\/wp\/v2\/pages\/25881\/revisions\/26106"}],"wp:attachment":[{"href":"http:\/\/grhomes.es\/en\/wp-json\/wp\/v2\/media?parent=25881"}],"curies":[{"name":"wp","href":"https:\/\/api.w.org\/{rel}","templated":true}]}}