{"id":22891,"date":"2024-06-27T17:11:04","date_gmt":"2024-06-27T15:11:04","guid":{"rendered":"http:\/\/grhomes.es\/?page_id=22891"},"modified":"2024-09-23T10:31:51","modified_gmt":"2024-09-23T08:31:51","slug":"contacto","status":"publish","type":"page","link":"http:\/\/grhomes.es\/ca\/contacto\/","title":{"rendered":"Contacte"},"content":{"rendered":"<div data-elementor-type=\"wp-page\" data-elementor-id=\"22891\" class=\"elementor elementor-22891\">\n\t\t\t\t\t\t<section class=\"elementor-section elementor-top-section elementor-element elementor-element-7d25c5c5 elementor-section-stretched elementor-section-boxed elementor-section-height-default elementor-section-height-default sc_fly_static\" data-id=\"7d25c5c5\" data-element_type=\"section\" data-settings=\"{&quot;stretch_section&quot;:&quot;section-stretched&quot;,&quot;background_background&quot;:&quot;classic&quot;}\">\n\t\t\t\t\t\t<div class=\"elementor-container elementor-column-gap-extended\">\n\t\t\t\t\t<div class=\"elementor-column elementor-col-100 elementor-top-column elementor-element elementor-element-1f87305f sc_content_align_inherit sc_layouts_column_icons_position_left sc_fly_static\" data-id=\"1f87305f\" data-element_type=\"column\">\n\t\t\t<div class=\"elementor-widget-wrap elementor-element-populated\">\n\t\t\t\t\t\t<div class=\"elementor-element elementor-element-6d657312 sc_height_huge sc_fly_static elementor-widget elementor-widget-spacer\" data-id=\"6d657312\" data-element_type=\"widget\" data-widget_type=\"spacer.default\">\n\t\t\t\t<div class=\"elementor-widget-container\">\n\t\t\t\t\t\t\t<div class=\"elementor-spacer\">\n\t\t\t<div class=\"elementor-spacer-inner\"><\/div>\n\t\t<\/div>\n\t\t\t\t\t\t<\/div>\n\t\t\t\t<\/div>\n\t\t\t\t<section class=\"elementor-section elementor-inner-section elementor-element elementor-element-5077ba53 elementor-section-boxed elementor-section-height-default elementor-section-height-default sc_fly_static\" data-id=\"5077ba53\" data-element_type=\"section\">\n\t\t\t\t\t\t<div class=\"elementor-container elementor-column-gap-no\">\n\t\t\t\t\t<div class=\"elementor-column elementor-col-50 elementor-inner-column elementor-element elementor-element-6020ac1e sc_content_align_inherit sc_layouts_column_icons_position_left sc_fly_static\" data-id=\"6020ac1e\" data-element_type=\"column\">\n\t\t\t<div class=\"elementor-widget-wrap elementor-element-populated\">\n\t\t\t\t\t\t<div class=\"elementor-element elementor-element-7f3f1574 title_style_h1 sc_fly_static elementor-widget elementor-widget-trx_sc_title\" data-id=\"7f3f1574\" data-element_type=\"widget\" data-widget_type=\"trx_sc_title.default\">\n\t\t\t\t<div class=\"elementor-widget-container\">\n\t\t\t\t\t<div\t\tclass=\"sc_title sc_title_default\" ><h2 class=\"sc_item_title sc_title_title sc_item_title_style_default sc_item_title_tag\"\n\t\t\t><span class=\"sc_item_title_text\">CONTACTEU AMB NOSALTRES<\/span><\/h2><div class=\"sc_item_descr sc_title_descr\"><p>Indiqueu-nos el motiu de la vostra consulta i ens posarem en contacte amb vost\u00e8 el m\u00e9s aviat possible.<\/p>\n<p>Moltes gr\u00e0cies per visitar el nostre espai a internet.<\/p>\n<\/div><\/div>\t\t\t\t<\/div>\n\t\t\t\t<\/div>\n\t\t\t\t<div class=\"elementor-element elementor-element-8db3f0b sc_fly_static elementor-widget elementor-widget-text-editor\" data-id=\"8db3f0b\" data-element_type=\"widget\" data-widget_type=\"text-editor.default\">\n\t\t\t\t<div class=\"elementor-widget-container\">\n\t\t\t\t\t\t\t\t\t<p style=\"text-align: left;\">\u00a9 GRHomes by <a href=\"https:\/\/www.garciariera.es\/\" target=\"_blank\" rel=\"noopener\"><b>Garcia Riera<\/b><\/a><\/p>\t\t\t\t\t\t\t\t<\/div>\n\t\t\t\t<\/div>\n\t\t\t\t\t<\/div>\n\t\t<\/div>\n\t\t\t\t<div class=\"elementor-column elementor-col-50 elementor-inner-column elementor-element elementor-element-6f62a565 sc_content_align_inherit sc_layouts_column_icons_position_left sc_fly_static\" data-id=\"6f62a565\" data-element_type=\"column\">\n\t\t\t<div class=\"elementor-widget-wrap elementor-element-populated\">\n\t\t\t\t\t\t<div class=\"elementor-element elementor-element-c072216 sc_fly_static elementor-widget elementor-widget-image\" data-id=\"c072216\" data-element_type=\"widget\" data-widget_type=\"image.default\">\n\t\t\t\t<div class=\"elementor-widget-container\">\n\t\t\t\t\t\t\t\t\t\t\t\t\t\t\t<img decoding=\"async\" src=\"https:\/\/grhomes.es\/wp-content\/uploads\/2024\/07\/11745_logo_gr_homes_1.svg\" title=\"11745_logo_gr_homes_1\" alt=\"11745_logo_gr_homes_1\" loading=\"lazy\" \/>\t\t\t\t\t\t\t\t\t\t\t\t\t\t\t<\/div>\n\t\t\t\t<\/div>\n\t\t\t\t<div class=\"elementor-element elementor-element-bf67ecc sc_layouts_hide_on_notebook sc_fly_static elementor-widget elementor-widget-spacer\" data-id=\"bf67ecc\" data-element_type=\"widget\" data-widget_type=\"spacer.default\">\n\t\t\t\t<div class=\"elementor-widget-container\">\n\t\t\t\t\t\t\t<div class=\"elementor-spacer\">\n\t\t\t<div class=\"elementor-spacer-inner\"><\/div>\n\t\t<\/div>\n\t\t\t\t\t\t<\/div>\n\t\t\t\t<\/div>\n\t\t\t\t<div class=\"elementor-element elementor-element-3fa6562a sc_fly_static elementor-widget elementor-widget-trx_sc_icons\" data-id=\"3fa6562a\" data-element_type=\"widget\" data-widget_type=\"trx_sc_icons.default\">\n\t\t\t\t<div class=\"elementor-widget-container\">\n\t\t\t\t\t<div \tclass=\"sc_icons sc_icons_bordered sc_icons_size_small sc_align_none\" ><div class=\"sc_icons_columns_wrap sc_item_columns trx_addons_columns_wrap columns_padding_bottom columns_in_single_row\" ><div class=\"trx_addons_column-1_3 trx_addons_column-1_1-tablet trx_addons_column-1_2-mobile\"><div class=\"sc_icons_item\"><div class=\"sc_icons_icon sc_icon_type_ icon-marker\" ><span class=\"sc_icon_type_ icon-marker\"><\/span><\/div><div class=\"sc_icons_item_details\"><h4 class=\"sc_icons_item_title\"><span>Direcci\u00f3<\/span><\/h4><div class=\"sc_icons_item_description\"><span>Avinguda Ramon d&#039;Olzina, 48-50<\/span><span>43480 Vila-seca (Tarragona)<\/span><\/div><\/div><\/div><\/div><div class=\"trx_addons_column-1_3 trx_addons_column-1_1-tablet trx_addons_column-1_2-mobile\"><div class=\"sc_icons_item\"><div class=\"sc_icons_icon sc_icon_type_ trx_addons_icon-telephone\" ><span class=\"sc_icon_type_ trx_addons_icon-telephone\"><\/span><\/div><div class=\"sc_icons_item_details\"><h4 class=\"sc_icons_item_title\"><span>Tel\u00e8fon<\/span><\/h4><div class=\"sc_icons_item_description\"><span>977 391 402<\/span><span>699 487 342 (m\u00f2bil)<\/span><\/div><\/div><\/div><\/div><div class=\"trx_addons_column-1_3 trx_addons_column-1_1-tablet trx_addons_column-1_2-mobile\"><div class=\"sc_icons_item sc_icons_item_linked\"><div class=\"sc_icons_icon sc_icon_type_ icon-envelope-2\" ><span class=\"sc_icon_type_ icon-envelope-2\"><\/span><\/div><div class=\"sc_icons_item_details\"><h4 class=\"sc_icons_item_title\"><a href=\"mailto:info@grhomes.es\" target=\"_blank\">\r\n                                    Email                                    <\/a><\/h4><div class=\"sc_icons_item_description\"><span>info@grhomes.es<\/span><\/div><a href=\"mailto:info@grhomes.es\"\r\n                        class=\"sc_icons_item_link\" target=\"_blank\">\r\n                        <\/a><\/div><\/div><\/div><\/div><\/div><!-- \/.sc_icons -->\t\t\t\t<\/div>\n\t\t\t\t<\/div>\n\t\t\t\t\t<\/div>\n\t\t<\/div>\n\t\t\t\t\t<\/div>\n\t\t<\/section>\n\t\t\t\t<div class=\"elementor-element elementor-element-16d296cf sc_height_huge sc_fly_static elementor-widget elementor-widget-spacer\" data-id=\"16d296cf\" data-element_type=\"widget\" data-widget_type=\"spacer.default\">\n\t\t\t\t<div class=\"elementor-widget-container\">\n\t\t\t\t\t\t\t<div class=\"elementor-spacer\">\n\t\t\t<div class=\"elementor-spacer-inner\"><\/div>\n\t\t<\/div>\n\t\t\t\t\t\t<\/div>\n\t\t\t\t<\/div>\n\t\t\t\t\t<\/div>\n\t\t<\/div>\n\t\t\t\t\t<\/div>\n\t\t<\/section>\n\t\t\t\t<section class=\"elementor-section elementor-top-section elementor-element elementor-element-167462d elementor-section-stretched elementor-section-full_width elementor-section-content-middle scheme_dark elementor-section-height-default elementor-section-height-default sc_fly_static\" data-id=\"167462d\" data-element_type=\"section\" data-settings=\"{&quot;stretch_section&quot;:&quot;section-stretched&quot;,&quot;background_background&quot;:&quot;classic&quot;}\">\n\t\t\t\t\t\t<div class=\"elementor-container elementor-column-gap-no\">\n\t\t\t\t\t<div class=\"elementor-column elementor-col-50 elementor-top-column elementor-element elementor-element-841daf8 sc_content_align_inherit sc_layouts_column_icons_position_left sc_fly_static\" data-id=\"841daf8\" data-element_type=\"column\">\n\t\t\t<div class=\"elementor-widget-wrap elementor-element-populated\">\n\t\t\t\t\t\t<div class=\"elementor-element elementor-element-8f3c1bc sc_fly_static elementor-widget elementor-widget-google_maps\" data-id=\"8f3c1bc\" data-element_type=\"widget\" data-widget_type=\"google_maps.default\">\n\t\t\t\t<div class=\"elementor-widget-container\">\n\t\t\t\t\t\t\t<div class=\"elementor-custom-embed\">\n\t\t\t<iframe loading=\"lazy\"\n\t\t\t\t\tsrc=\"https:\/\/www.google.com\/maps\/embed\/v1\/place?key=AIzaSyCpxipbTSdMecuInrV249Zrs1sNr2ou3xg&#038;q=41.107820946485056%2C%201.1469472207446842&#038;zoom=16\"\n\t\t\t\t\ttitle=\"41.107820946485056, 1.1469472207446842\"\n\t\t\t\t\taria-label=\"41.107820946485056, 1.1469472207446842\"\n\t\t\t><\/iframe>\n\t\t<\/div>\n\t\t\t\t\t\t<\/div>\n\t\t\t\t<\/div>\n\t\t\t\t\t<\/div>\n\t\t<\/div>\n\t\t\t\t<div class=\"elementor-column elementor-col-50 elementor-top-column elementor-element elementor-element-c56ecb7 sc_content_align_inherit sc_layouts_column_icons_position_left sc_fly_static\" data-id=\"c56ecb7\" data-element_type=\"column\">\n\t\t\t<div class=\"elementor-widget-wrap elementor-element-populated\">\n\t\t\t\t\t\t<div class=\"elementor-element elementor-element-a3534fb sc_height_huge sc_layouts_hide_on_wide sc_layouts_hide_on_desktop sc_layouts_hide_on_notebook sc_fly_static elementor-widget elementor-widget-spacer\" data-id=\"a3534fb\" data-element_type=\"widget\" data-widget_type=\"spacer.default\">\n\t\t\t\t<div class=\"elementor-widget-container\">\n\t\t\t\t\t\t\t<div class=\"elementor-spacer\">\n\t\t\t<div class=\"elementor-spacer-inner\"><\/div>\n\t\t<\/div>\n\t\t\t\t\t\t<\/div>\n\t\t\t\t<\/div>\n\t\t\t\t<div class=\"elementor-element elementor-element-6c5a2d2 title_style_h1 sc_fly_static elementor-widget elementor-widget-trx_sc_title\" data-id=\"6c5a2d2\" data-element_type=\"widget\" data-widget_type=\"trx_sc_title.default\">\n\t\t\t\t<div class=\"elementor-widget-container\">\n\t\t\t\t\t<div\t\tclass=\"sc_title sc_title_default\" ><span class=\"sc_item_subtitle sc_title_subtitle sc_item_subtitle_above sc_item_title_style_default\">Contacti amb nosaltres<\/span><h2 class=\"sc_item_title sc_title_title sc_item_title_style_default sc_item_title_tag trx_addons_inline_1782502258\"\n\t\t\t><span class=\"sc_item_title_text\">T\u00e9 algun dubte? <\/span><\/h2><\/div>\t\t\t\t<\/div>\n\t\t\t\t<\/div>\n\t\t\t\t<div class=\"elementor-element elementor-element-5d1203b sc_fly_static elementor-widget elementor-widget-spacer\" data-id=\"5d1203b\" data-element_type=\"widget\" data-widget_type=\"spacer.default\">\n\t\t\t\t<div class=\"elementor-widget-container\">\n\t\t\t\t\t\t\t<div class=\"elementor-spacer\">\n\t\t\t<div class=\"elementor-spacer-inner\"><\/div>\n\t\t<\/div>\n\t\t\t\t\t\t<\/div>\n\t\t\t\t<\/div>\n\t\t\t\t<div class=\"elementor-element elementor-element-63b89f3 sc_fly_static elementor-widget elementor-widget-trx_sc_contact_form_7\" data-id=\"63b89f3\" data-element_type=\"widget\" data-widget_type=\"trx_sc_contact_form_7.default\">\n\t\t\t\t<div class=\"elementor-widget-container\">\n\t\t\t\t\t\n<div class=\"wpcf7 no-js\" id=\"wpcf7-f1266-o1\" lang=\"en-US\" dir=\"ltr\" data-wpcf7-id=\"1266\">\n<div class=\"screen-reader-response\"><p role=\"status\" aria-live=\"polite\" aria-atomic=\"true\"><\/p> <ul><\/ul><\/div>\n<form action=\"\/ca\/wp-json\/wp\/v2\/pages\/22891#wpcf7-f1266-o1\" method=\"post\" class=\"wpcf7-form init\" aria-label=\"Contact form\" novalidate=\"novalidate\" data-status=\"init\" data-trp-original-action=\"\/ca\/wp-json\/wp\/v2\/pages\/22891#wpcf7-f1266-o1\">\n<fieldset class=\"hidden-fields-container\"><input type=\"hidden\" name=\"_wpcf7\" value=\"1266\" \/><input type=\"hidden\" name=\"_wpcf7_version\" value=\"6.1.4\" \/><input type=\"hidden\" name=\"_wpcf7_locale\" value=\"en_US\" \/><input type=\"hidden\" name=\"_wpcf7_unit_tag\" value=\"wpcf7-f1266-o1\" \/><input type=\"hidden\" name=\"_wpcf7_container_post\" value=\"0\" \/><input type=\"hidden\" name=\"_wpcf7_posted_data_hash\" value=\"\" \/>\n<\/fieldset>\n<div class=\"form-style-1\">\n\t<div class=\"columns_wrap\">\n\t\t<div class=\"column-1_2\">\n\t\t\t<p><span class=\"style-line\"><span class=\"wpcf7-form-control-wrap\" data-name=\"your-name\"><input size=\"40\" maxlength=\"400\" class=\"wpcf7-form-control wpcf7-text wpcf7-validates-as-required\" aria-required=\"true\" aria-invalid=\"false\" placeholder=\"Nom\" value=\"\" type=\"text\" name=\"your-name\" \/><\/span><\/span>\n\t\t\t<\/p>\n\t\t<\/div>\n\t\t<div class=\"column-1_2\">\n\t\t\t<p><span class=\"style-line\"><span class=\"wpcf7-form-control-wrap\" data-name=\"your-last-name\"><input size=\"40\" maxlength=\"400\" class=\"wpcf7-form-control wpcf7-text wpcf7-validates-as-required\" aria-required=\"true\" aria-invalid=\"false\" placeholder=\"Cognoms\" value=\"\" type=\"text\" name=\"your-last-name\" \/><\/span><\/span>\n\t\t\t<\/p>\n\t\t<\/div>\n\t<\/div>\n\t<div class=\"columns_wrap\">\n\t\t<div class=\"column-1_2\">\n\t\t\t<p><span class=\"style-line\"><span class=\"wpcf7-form-control-wrap\" data-name=\"your-email\"><input size=\"40\" maxlength=\"400\" class=\"wpcf7-form-control wpcf7-email wpcf7-validates-as-required wpcf7-text wpcf7-validates-as-email\" aria-required=\"true\" aria-invalid=\"false\" placeholder=\"Email\" value=\"\" type=\"email\" name=\"your-email\" \/><\/span><\/span>\n\t\t\t<\/p>\n\t\t<\/div>\n\t\t<div class=\"column-1_2\">\n\t\t\t<p><span class=\"style-line\"><span class=\"wpcf7-form-control-wrap\" data-name=\"phone\"><input size=\"40\" maxlength=\"400\" class=\"wpcf7-form-control wpcf7-tel wpcf7-validates-as-required wpcf7-text wpcf7-validates-as-tel\" aria-required=\"true\" aria-invalid=\"false\" placeholder=\"Tel\u00e8fon\" value=\"\" type=\"tel\" name=\"phone\" \/><\/span><\/span>\n\t\t\t<\/p>\n\t\t<\/div>\n\t<\/div>\n\t<div class=\"columns_wrap\">\n\t\t<div class=\"column-1_2\">\n\t\t\t<p><label for=\"select-96\" style=\"display:block; margin-bottom:0px; margin-top: 10px;\">Sobre quin projecte vols rebre informaci\u00f3? (Requerit)<\/label><br \/>\n<span class=\"style-line\"><span class=\"wpcf7-form-control-wrap\" data-name=\"select-96\"><select class=\"wpcf7-form-control wpcf7-select wpcf7-validates-as-required projectes-desplegable\" id=\"select-96\" aria-required=\"true\" aria-invalid=\"false\" name=\"select-96\"><option value=\"\">\u2014 Seleccioneu un projecte \u2014<\/option><option value=\"Ic\u00f2nic Salou\">Ic\u00f2nic Salou<\/option><option value=\"Edifici Pont Reus\">Edifici Pont Reus<\/option><option value=\"Cala Crancs Homes\">Cala Crancs Homes<\/option><option value=\"Passeig de Mar Cambrils\">Passeig de Mar Cambrils<\/option><\/select><\/span><\/span>\n\t\t\t<\/p>\n\t\t<\/div>\n\t\t<div class=\"column-1_2\">\n <!-- Pots afegir aqu\u00ed un altre camp si cal -->\n\t\t<\/div>\n\t<\/div>\n\t<div class=\"columns_wrap margin-bottom\">\n\t\t<div class=\"column-1_1\">\n\t\t\t<p><span class=\"style-line\"><span class=\"wpcf7-form-control-wrap\" data-name=\"your-message\"><textarea cols=\"40\" rows=\"10\" maxlength=\"2000\" class=\"wpcf7-form-control wpcf7-textarea wpcf7-validates-as-required\" aria-required=\"true\" aria-invalid=\"false\" placeholder=\"Missatge\" name=\"your-message\"><\/textarea><\/span><\/span>\n\t\t\t<\/p>\n\t\t<\/div>\n\t<\/div>\n\t<p><span class=\"wpcf7-form-control-wrap\" data-name=\"acceptance\"><span class=\"wpcf7-form-control wpcf7-acceptance\"><span class=\"wpcf7-list-item\"><label><input type=\"checkbox\" name=\"acceptance\" value=\"1\" aria-invalid=\"false\" \/><span class=\"wpcf7-list-item-label\">He llegit i accepto la <a href=\"\/ca\/aviso-legal-y-politica-de-privacidad\/\" target=\"_blank\">Pol\u00edtica de Privadesa<\/a>.<\/span><\/label><\/span><\/span><\/span>\n\t<\/p>\n\t<div style=\"margin-bottom:16px;\">\n\t\t<p><div id=\"cf7sr-69d1ab859d905\" class=\"cf7sr-g-recaptcha\" data-theme=\"light\" data-type=\"image\" data-size=\"normal\" data-sitekey=\"6LcEzBIqAAAAAAbNaYs9TBDQ_5iCaiM5XrAPaiza\"><\/div><span class=\"wpcf7-form-control-wrap cf7sr-recaptcha\" data-name=\"cf7sr-recaptcha\"><input type=\"hidden\" name=\"cf7sr-recaptcha\" value=\"\" class=\"wpcf7-form-control\"><\/span>\n\t\t<\/p>\n\t<\/div>\n\t<p><input class=\"wpcf7-form-control wpcf7-submit has-spinner\" type=\"submit\" value=\"Enviar\" \/>\n\t<\/p>\n<\/div><div class=\"wpcf7-response-output\" aria-hidden=\"true\"><\/div>\n<input type=\"hidden\" name=\"trp-form-language\" value=\"ca\"\/><\/form>\n<\/div>\n\t\t\t\t<\/div>\n\t\t\t\t<\/div>\n\t\t\t\t<div class=\"elementor-element elementor-element-f376d21 sc_height_huge sc_layouts_hide_on_wide sc_layouts_hide_on_desktop sc_layouts_hide_on_notebook sc_fly_static elementor-widget elementor-widget-spacer\" data-id=\"f376d21\" data-element_type=\"widget\" data-widget_type=\"spacer.default\">\n\t\t\t\t<div class=\"elementor-widget-container\">\n\t\t\t\t\t\t\t<div class=\"elementor-spacer\">\n\t\t\t<div class=\"elementor-spacer-inner\"><\/div>\n\t\t<\/div>\n\t\t\t\t\t\t<\/div>\n\t\t\t\t<\/div>\n\t\t\t\t\t<\/div>\n\t\t<\/div>\n\t\t\t\t\t<\/div>\n\t\t<\/section>\n\t\t\t\t<\/div>","protected":false},"excerpt":{"rendered":"<p>CONTACTE AMB NOSALTRES Indiqui&#039;ns el motiu de la seva consulta i ens posarem en contacte amb vost\u00e8 el m\u00e9s aviat possible. Moltes gr\u00e0cies per visitar el nostre espai a internet. \u00a9\u2026<\/p>","protected":false},"author":1,"featured_media":0,"parent":0,"menu_order":0,"comment_status":"closed","ping_status":"closed","template":"","meta":{"inline_featured_image":false,"footnotes":""},"class_list":["post-22891","page","type-page","status-publish","hentry"],"yoast_head":"<!-- This site is optimized with the Yoast SEO plugin v26.8 - https:\/\/yoast.com\/product\/yoast-seo-wordpress\/ -->\n<title>Contacto - GRHomes<\/title>\n<meta name=\"robots\" content=\"index, follow, max-snippet:-1, max-image-preview:large, max-video-preview:-1\" \/>\n<link rel=\"canonical\" href=\"https:\/\/grhomes.es\/ca\/contacto\/\" \/>\n<meta property=\"og:locale\" content=\"ca_ES\" \/>\n<meta property=\"og:type\" content=\"article\" \/>\n<meta property=\"og:title\" content=\"Contacto - GRHomes\" \/>\n<meta property=\"og:description\" content=\"CONTACTE CON NOSOTROS Ind\u00edquenos el motivo de su consulta y nos pondremos en contacto con usted en la mayor brevedad possible. Muchas gracias por visitar nuestro espacio en internet. \u00a9&hellip;\" \/>\n<meta property=\"og:url\" content=\"https:\/\/grhomes.es\/ca\/contacto\/\" \/>\n<meta property=\"og:site_name\" content=\"GRHomes\" \/>\n<meta property=\"article:modified_time\" content=\"2024-09-23T08:31:51+00:00\" \/>\n<meta property=\"og:image\" content=\"https:\/\/grhomes.es\/wp-content\/uploads\/2024\/07\/11745_logo_gr_homes_1.svg\" \/>\n<meta name=\"twitter:card\" content=\"summary_large_image\" \/>\n<meta name=\"twitter:label1\" content=\"Temps estimat de lectura\" \/>\n\t<meta name=\"twitter:data1\" content=\"1 minut\" \/>\n<script type=\"application\/ld+json\" class=\"yoast-schema-graph\">{\"@context\":\"https:\/\/schema.org\",\"@graph\":[{\"@type\":\"WebPage\",\"@id\":\"https:\/\/grhomes.es\/contacto\/\",\"url\":\"https:\/\/grhomes.es\/contacto\/\",\"name\":\"Contacto - GRHomes\",\"isPartOf\":{\"@id\":\"https:\/\/grhomes.es\/#website\"},\"primaryImageOfPage\":{\"@id\":\"https:\/\/grhomes.es\/contacto\/#primaryimage\"},\"image\":{\"@id\":\"https:\/\/grhomes.es\/contacto\/#primaryimage\"},\"thumbnailUrl\":\"https:\/\/grhomes.es\/wp-content\/uploads\/2024\/07\/11745_logo_gr_homes_1.svg\",\"datePublished\":\"2024-06-27T15:11:04+00:00\",\"dateModified\":\"2024-09-23T08:31:51+00:00\",\"breadcrumb\":{\"@id\":\"https:\/\/grhomes.es\/contacto\/#breadcrumb\"},\"inLanguage\":\"ca\",\"potentialAction\":[{\"@type\":\"ReadAction\",\"target\":[\"https:\/\/grhomes.es\/contacto\/\"]}]},{\"@type\":\"ImageObject\",\"inLanguage\":\"ca\",\"@id\":\"https:\/\/grhomes.es\/contacto\/#primaryimage\",\"url\":\"https:\/\/grhomes.es\/wp-content\/uploads\/2024\/07\/11745_logo_gr_homes_1.svg\",\"contentUrl\":\"https:\/\/grhomes.es\/wp-content\/uploads\/2024\/07\/11745_logo_gr_homes_1.svg\"},{\"@type\":\"BreadcrumbList\",\"@id\":\"https:\/\/grhomes.es\/contacto\/#breadcrumb\",\"itemListElement\":[{\"@type\":\"ListItem\",\"position\":1,\"name\":\"Inici\",\"item\":\"https:\/\/grhomes.es\/\"},{\"@type\":\"ListItem\",\"position\":2,\"name\":\"Contacto\"}]},{\"@type\":\"WebSite\",\"@id\":\"https:\/\/grhomes.es\/#website\",\"url\":\"https:\/\/grhomes.es\/\",\"name\":\"GRHomes\",\"description\":\"Viviendas para vivir en la Costa Daurada\",\"publisher\":{\"@id\":\"https:\/\/grhomes.es\/#organization\"},\"potentialAction\":[{\"@type\":\"SearchAction\",\"target\":{\"@type\":\"EntryPoint\",\"urlTemplate\":\"https:\/\/grhomes.es\/?s={search_term_string}\"},\"query-input\":{\"@type\":\"PropertyValueSpecification\",\"valueRequired\":true,\"valueName\":\"search_term_string\"}}],\"inLanguage\":\"ca\"},{\"@type\":\"Organization\",\"@id\":\"https:\/\/grhomes.es\/#organization\",\"name\":\"GR HOMES\",\"alternateName\":\"Viviendas para vivir en la Costa Daurada\",\"url\":\"https:\/\/grhomes.es\/\",\"logo\":{\"@type\":\"ImageObject\",\"inLanguage\":\"ca\",\"@id\":\"https:\/\/grhomes.es\/#\/schema\/logo\/image\/\",\"url\":\"https:\/\/grhomes.es\/wp-content\/uploads\/2024\/07\/11745_logo_gr_homes_1.svg\",\"contentUrl\":\"https:\/\/grhomes.es\/wp-content\/uploads\/2024\/07\/11745_logo_gr_homes_1.svg\",\"caption\":\"GR HOMES\"},\"image\":{\"@id\":\"https:\/\/grhomes.es\/#\/schema\/logo\/image\/\"}}]}<\/script>\n<!-- \/ Yoast SEO plugin. -->","yoast_head_json":{"title":"Contacto - GRHomes","robots":{"index":"index","follow":"follow","max-snippet":"max-snippet:-1","max-image-preview":"max-image-preview:large","max-video-preview":"max-video-preview:-1"},"canonical":"https:\/\/grhomes.es\/ca\/contacto\/","og_locale":"ca_ES","og_type":"article","og_title":"Contacto - GRHomes","og_description":"CONTACTE CON NOSOTROS Ind\u00edquenos el motivo de su consulta y nos pondremos en contacto con usted en la mayor brevedad possible. Muchas gracias por visitar nuestro espacio en internet. \u00a9&hellip;","og_url":"https:\/\/grhomes.es\/ca\/contacto\/","og_site_name":"GRHomes","article_modified_time":"2024-09-23T08:31:51+00:00","og_image":[{"url":"https:\/\/grhomes.es\/wp-content\/uploads\/2024\/07\/11745_logo_gr_homes_1.svg","type":"","width":"","height":""}],"twitter_card":"summary_large_image","twitter_misc":{"Temps estimat de lectura":"1 minut"},"schema":{"@context":"https:\/\/schema.org","@graph":[{"@type":"WebPage","@id":"https:\/\/grhomes.es\/contacto\/","url":"https:\/\/grhomes.es\/contacto\/","name":"Contacto - GRHomes","isPartOf":{"@id":"https:\/\/grhomes.es\/#website"},"primaryImageOfPage":{"@id":"https:\/\/grhomes.es\/contacto\/#primaryimage"},"image":{"@id":"https:\/\/grhomes.es\/contacto\/#primaryimage"},"thumbnailUrl":"https:\/\/grhomes.es\/wp-content\/uploads\/2024\/07\/11745_logo_gr_homes_1.svg","datePublished":"2024-06-27T15:11:04+00:00","dateModified":"2024-09-23T08:31:51+00:00","breadcrumb":{"@id":"https:\/\/grhomes.es\/contacto\/#breadcrumb"},"inLanguage":"ca","potentialAction":[{"@type":"ReadAction","target":["https:\/\/grhomes.es\/contacto\/"]}]},{"@type":"ImageObject","inLanguage":"ca","@id":"https:\/\/grhomes.es\/contacto\/#primaryimage","url":"https:\/\/grhomes.es\/wp-content\/uploads\/2024\/07\/11745_logo_gr_homes_1.svg","contentUrl":"https:\/\/grhomes.es\/wp-content\/uploads\/2024\/07\/11745_logo_gr_homes_1.svg"},{"@type":"BreadcrumbList","@id":"https:\/\/grhomes.es\/contacto\/#breadcrumb","itemListElement":[{"@type":"ListItem","position":1,"name":"Inici","item":"https:\/\/grhomes.es\/"},{"@type":"ListItem","position":2,"name":"Contacto"}]},{"@type":"WebSite","@id":"https:\/\/grhomes.es\/#website","url":"https:\/\/grhomes.es\/","name":"GRHomes","description":"Habitatges per viure a la Costa Daurada","publisher":{"@id":"https:\/\/grhomes.es\/#organization"},"potentialAction":[{"@type":"SearchAction","target":{"@type":"EntryPoint","urlTemplate":"https:\/\/grhomes.es\/?s={search_term_string}"},"query-input":{"@type":"PropertyValueSpecification","valueRequired":true,"valueName":"search_term_string"}}],"inLanguage":"ca"},{"@type":"Organization","@id":"https:\/\/grhomes.es\/#organization","name":"GR HOMES","alternateName":"Viviendas para vivir en la Costa Daurada","url":"https:\/\/grhomes.es\/","logo":{"@type":"ImageObject","inLanguage":"ca","@id":"https:\/\/grhomes.es\/#\/schema\/logo\/image\/","url":"https:\/\/grhomes.es\/wp-content\/uploads\/2024\/07\/11745_logo_gr_homes_1.svg","contentUrl":"https:\/\/grhomes.es\/wp-content\/uploads\/2024\/07\/11745_logo_gr_homes_1.svg","caption":"GR HOMES"},"image":{"@id":"https:\/\/grhomes.es\/#\/schema\/logo\/image\/"}}]}},"_links":{"self":[{"href":"http:\/\/grhomes.es\/ca\/wp-json\/wp\/v2\/pages\/22891","targetHints":{"allow":["GET"]}}],"collection":[{"href":"http:\/\/grhomes.es\/ca\/wp-json\/wp\/v2\/pages"}],"about":[{"href":"http:\/\/grhomes.es\/ca\/wp-json\/wp\/v2\/types\/page"}],"author":[{"embeddable":true,"href":"http:\/\/grhomes.es\/ca\/wp-json\/wp\/v2\/users\/1"}],"replies":[{"embeddable":true,"href":"http:\/\/grhomes.es\/ca\/wp-json\/wp\/v2\/comments?post=22891"}],"version-history":[{"count":0,"href":"http:\/\/grhomes.es\/ca\/wp-json\/wp\/v2\/pages\/22891\/revisions"}],"wp:attachment":[{"href":"http:\/\/grhomes.es\/ca\/wp-json\/wp\/v2\/media?parent=22891"}],"curies":[{"name":"wp","href":"https:\/\/api.w.org\/{rel}","templated":true}]}}